{"id":10709,"date":"2023-01-12T10:23:52","date_gmt":"2023-01-12T09:23:52","guid":{"rendered":"https:\/\/printor.pl\/?page_id=10709"},"modified":"2023-02-03T10:29:55","modified_gmt":"2023-02-03T09:29:55","slug":"elektroniktests","status":"publish","type":"page","link":"https:\/\/printor.pl\/de\/elektroniktests\/","title":{"rendered":"Elektroniktests"},"content":{"rendered":"\n<div class=\"wp-block-group\"><div class=\"wp-block-group__inner-container is-layout-flow wp-block-group-is-layout-flow\">\n<h2 class=\"wp-block-heading\">Komponentenpr\u00fcfung &#8211; als Teil der umfassenden Elektronikfertigung<\/h2>\n\n\n\n<p><strong>Im Rahmen des Herstellungsprozesses f\u00fchren wir eine Reihe von Tests durch<\/strong>, um m\u00f6gliche Schwachstellen der Schaltkreise zu ermitteln. Wir vergewissern uns, dass die Produkte, die unser Werk verlassen, qualitativ hochwertig sind. Deshalb nimmt die Pr\u00fcfung in allen Phasen der Auftragsabwicklung einen wichtigen Platz ein.<br><\/p>\n\n\n\n<div style=\"height:28px\" aria-hidden=\"true\" class=\"wp-block-spacer\"><\/div>\n\n\n\n<div class=\"wp-block-media-text alignwide\"><figure class=\"wp-block-media-text__media\"><img loading=\"lazy\" decoding=\"async\" width=\"1000\" height=\"666\" src=\"https:\/\/printor.pl\/wp-content\/uploads\/2021\/11\/printor-uslugi-dodatkowe-testowanie-2021-02.jpg\" alt=\"\" class=\"wp-image-8317\" srcset=\"https:\/\/printor.pl\/wp-content\/uploads\/2021\/11\/printor-uslugi-dodatkowe-testowanie-2021-02.jpg 1000w, https:\/\/printor.pl\/wp-content\/uploads\/2021\/11\/printor-uslugi-dodatkowe-testowanie-2021-02-300x200.jpg 300w, https:\/\/printor.pl\/wp-content\/uploads\/2021\/11\/printor-uslugi-dodatkowe-testowanie-2021-02-768x511.jpg 768w\" sizes=\"auto, (max-width: 1000px) 100vw, 1000px\" \/><\/figure><div class=\"wp-block-media-text__content\">\n<h2 class=\"wp-block-heading\">Pr\u00fcfung der Elektronik als Garantie f\u00fcr Zuverl\u00e4ssigkeit<\/h2>\n\n\n\n<p>Im Rahmen unserer Zusammenarbeit bieten wir folgendes an:<\/p>\n\n\n\n<ul class=\"wp-block-list\"><li>Elektrische Pr\u00fcfung von gedruckten Schaltungen<\/li><li>AOI (Automatisierte optische Inspektion)<\/li><li>Pr\u00fcfung der Ionenreinheit (Ionograph)<\/li><li>In-Circuit-Test (ICT)<\/li><li>Funktionspr\u00fcfung<\/li><\/ul>\n<\/div><\/div>\n\n\n\n<div class=\"wp-block-media-text alignwide has-media-on-the-right\"><figure class=\"wp-block-media-text__media\"><img loading=\"lazy\" decoding=\"async\" width=\"1024\" height=\"683\" src=\"https:\/\/printor.pl\/wp-content\/uploads\/2020\/03\/testowanie-1024x683.jpg\" alt=\"\" class=\"wp-image-2078\" srcset=\"https:\/\/printor.pl\/wp-content\/uploads\/2020\/03\/testowanie-1024x683.jpg 1024w, https:\/\/printor.pl\/wp-content\/uploads\/2020\/03\/testowanie-300x200.jpg 300w, https:\/\/printor.pl\/wp-content\/uploads\/2020\/03\/testowanie-768x512.jpg 768w, https:\/\/printor.pl\/wp-content\/uploads\/2020\/03\/testowanie.jpg 1200w\" sizes=\"auto, (max-width: 1024px) 100vw, 1024px\" \/><\/figure><div class=\"wp-block-media-text__content\">\n<h2 class=\"wp-block-heading\">Steigern Sie Ihren Umsatz &#8211; sichern Sie die h\u00f6chste Qualit\u00e4t Ihrer Produkte<\/h2>\n\n\n\n<p>Die Elektronikfertigung muss auch eine Garantie f\u00fcr die Produktzuverl\u00e4ssigkeit bieten, damit das Endprodukt alle Funktionsziele erf\u00fcllt. Dies ist sehr wichtig, um das Vertrauen Ihrer Kunden auf einem konstant hohen Niveau zu halten.<\/p>\n<\/div><\/div>\n\n\n\n<div class=\"wp-block-media-text alignwide\"><figure class=\"wp-block-media-text__media\"><img loading=\"lazy\" decoding=\"async\" width=\"974\" height=\"635\" src=\"https:\/\/printor.pl\/wp-content\/uploads\/2020\/03\/podstrona_oferta_uslugi_dodatkowe_v2.jpeg\" alt=\"\" class=\"wp-image-3045\" srcset=\"https:\/\/printor.pl\/wp-content\/uploads\/2020\/03\/podstrona_oferta_uslugi_dodatkowe_v2.jpeg 974w, https:\/\/printor.pl\/wp-content\/uploads\/2020\/03\/podstrona_oferta_uslugi_dodatkowe_v2-300x196.jpeg 300w, https:\/\/printor.pl\/wp-content\/uploads\/2020\/03\/podstrona_oferta_uslugi_dodatkowe_v2-768x501.jpeg 768w\" sizes=\"auto, (max-width: 974px) 100vw, 974px\" \/><\/figure><div class=\"wp-block-media-text__content\">\n<h2 class=\"wp-block-heading\">Zus\u00e4tzliche Dienstleistungen<\/h2>\n\n\n\n<p>Als Teil unserer zus\u00e4tzlichen Dienstleistungen bieten wir an:<\/p>\n\n\n\n<ul class=\"wp-block-list\"><li>Programmierung<\/li><li>Beschichtung von Fertigerzeugnissen mit Lacken oder Schutzlacken<\/li><li>Funktionspr\u00fcfung<\/li><li>Endmontage der Ger\u00e4te<\/li><li>Beratung durch unser Team von Technologen<\/li><\/ul>\n<\/div><\/div>\n<\/div><\/div>\n\n\n\n<div class=\"wp-block-group has-background\" style=\"background-color:#003aa7\"><div class=\"wp-block-group__inner-container is-layout-flow wp-block-group-is-layout-flow\">\n<p style=\"font-size:23px\" class=\"has-text-color has-background has-text-align-center has-light-gray-color has-blue-background-color\"><span style=\"color:#F7F9FB\" class=\"tadv-color\"><span style=\"background-color:#003AA7\" class=\"tadv-background-color\"> <\/span><strong><span style=\"background-color:#003AA7\" class=\"tadv-background-color\">Interessieren Sie sich f\u00fcr unser Angebot von Pr\u00fcfprozessen in Verbindung mit unserem umfassenden Elektronik-Produktionsservice?<\/span><\/strong><\/span><br><span style=\"color:#F7F9FB\" class=\"tadv-color\"><span style=\"background-color:#003AA7\" class=\"tadv-background-color\">W\u00e4hlen Sie Ihre bevorzugte Kontaktart und erfahren Sie mehr!<\/span><\/span><\/p>\n<\/div><\/div>\n\n\n  <div class=\"sell-wrapper\">\n    <div class=\"container sell-contact\">\n      <div class=\"sell-contact__text text\">\n        <p><span style=\"font-size: 24px; font-family: Ubuntu; color: #003aa7;\"><strong>Suchen Sie einen Elektroniklieferanten, einen EMS-Partner? Sie k\u00f6nnen sich gern direkt an uns wenden.<\/strong><\/span><\/p>\n<p>Gern sprechen wir \u00fcber Ihre Bed\u00fcrfnisse, unsere Expertinnen und Experten stehen Ihnen gern zur Verf\u00fcgung.<\/p>\n      <\/div>\n              <div class=\"sell-contact__person\">\n          <div class=\"sell-contact__photo\">\n            <img loading=\"lazy\" decoding=\"async\" width=\"400\" height=\"600\" src=\"https:\/\/printor.pl\/wp-content\/uploads\/2024\/08\/Katarzyna_Clapa.jpg\" class=\"attachment-square size-square\" alt=\"\" srcset=\"https:\/\/printor.pl\/wp-content\/uploads\/2024\/08\/Katarzyna_Clapa.jpg 400w, https:\/\/printor.pl\/wp-content\/uploads\/2024\/08\/Katarzyna_Clapa-200x300.jpg 200w\" sizes=\"auto, (max-width: 400px) 100vw, 400px\" \/>                          <a href=\"https:\/\/www.linkedin.com\/in\/katarzyna-clapa\/\" rel=\"nofollow noopener\" target=\"_blank\" class=\"sell-contact__linkedin\"><img decoding=\"async\" src=\"https:\/\/printor.pl\/wp-content\/themes\/printor\/assets\/images\/linkedin2.svg\" alt=\"Linkedin\" \/><\/a>\n                      <\/div>\n          <div class=\"sell-contact__info\">\n            <div class=\"sell-contact__name\">Katarzyna C\u0142apa<\/div>\n            <div class=\"sell-contact__person-text\"><p>Vertriebsspezialist<br \/>\n+48 669 668 041<br \/>\n<a href=\"mailto:katarzyna.clapa@printor.pl\">katarzyna.clapa@printor.pl<\/a><\/p>\n<\/div>\n          <\/div>\n        <\/div>\n\n              <div class=\"sell-contact__person\">\n          <div class=\"sell-contact__photo\">\n            <img loading=\"lazy\" decoding=\"async\" width=\"400\" height=\"600\" src=\"https:\/\/printor.pl\/wp-content\/uploads\/2024\/08\/Agnieszka-Jobda.jpg\" class=\"attachment-square size-square\" alt=\"\" srcset=\"https:\/\/printor.pl\/wp-content\/uploads\/2024\/08\/Agnieszka-Jobda.jpg 400w, https:\/\/printor.pl\/wp-content\/uploads\/2024\/08\/Agnieszka-Jobda-200x300.jpg 200w\" sizes=\"auto, (max-width: 400px) 100vw, 400px\" \/>                          <a href=\"https:\/\/www.linkedin.com\/in\/agnieszka-jobda-21289818b\/\" rel=\"nofollow noopener\" target=\"_blank\" class=\"sell-contact__linkedin\"><img decoding=\"async\" src=\"https:\/\/printor.pl\/wp-content\/themes\/printor\/assets\/images\/linkedin2.svg\" alt=\"Linkedin\" \/><\/a>\n                      <\/div>\n          <div class=\"sell-contact__info\">\n            <div class=\"sell-contact__name\">Agnieszka Jobda<\/div>\n            <div class=\"sell-contact__person-text\"><p>Vertriebsspezialist<br \/>\n+48 603 163 394<br \/>\n<a href=\"mailto:agnieszka.jobda@printor.pl\">agnieszka.jobda@printor.pl<\/a><\/p>\n<\/div>\n          <\/div>\n        <\/div>\n\n          <\/div>\n  <\/div>\n\n\n  <div class=\"form-bg\">\n    <div class=\"form-wrapper\">\n      <p><span style=\"font-size: 18px;\"><strong>M\u00f6chten Sie lieber ein Formular senden?<\/strong>Beschreiben Sie, was Sie brauchen, und innerhalb von 2 Tagen rufen wir Sie an oder schreiben Ihnen.<\/span><\/p>\n      \n<div class=\"wpcf7 no-js\" id=\"wpcf7-f9045-o1\" lang=\"pl-PL\" dir=\"ltr\" data-wpcf7-id=\"9045\">\n<div class=\"screen-reader-response\"><p role=\"status\" aria-live=\"polite\" aria-atomic=\"true\"><\/p> <ul><\/ul><\/div>\n<form action=\"\/de\/wp-json\/wp\/v2\/pages\/10709#wpcf7-f9045-o1\" method=\"post\" class=\"wpcf7-form init wpcf7-acceptance-as-validation\" aria-label=\"Formularz kontaktowy\" novalidate=\"novalidate\" data-status=\"init\">\n<fieldset class=\"hidden-fields-container\"><input type=\"hidden\" name=\"_wpcf7\" value=\"9045\" \/><input type=\"hidden\" name=\"_wpcf7_version\" value=\"6.1.2\" \/><input type=\"hidden\" name=\"_wpcf7_locale\" value=\"pl_PL\" \/><input type=\"hidden\" name=\"_wpcf7_unit_tag\" value=\"wpcf7-f9045-o1\" \/><input type=\"hidden\" name=\"_wpcf7_container_post\" value=\"0\" \/><input type=\"hidden\" name=\"_wpcf7_posted_data_hash\" value=\"\" \/><input type=\"hidden\" name=\"_wpcf7cf_hidden_group_fields\" value=\"[]\" \/><input type=\"hidden\" name=\"_wpcf7cf_hidden_groups\" value=\"[]\" \/><input type=\"hidden\" name=\"_wpcf7cf_visible_groups\" value=\"[]\" \/><input type=\"hidden\" name=\"_wpcf7cf_repeaters\" value=\"[]\" \/><input type=\"hidden\" name=\"_wpcf7cf_steps\" value=\"{}\" \/><input type=\"hidden\" name=\"_wpcf7cf_options\" value=\"{&quot;form_id&quot;:9045,&quot;conditions&quot;:[],&quot;settings&quot;:{&quot;animation&quot;:&quot;yes&quot;,&quot;animation_intime&quot;:200,&quot;animation_outtime&quot;:200,&quot;conditions_ui&quot;:&quot;normal&quot;,&quot;notice_dismissed&quot;:false,&quot;notice_dismissed_update-cf7-6.0&quot;:true}}\" \/><input type=\"hidden\" name=\"_wpcf7_recaptcha_response\" value=\"\" \/>\n<\/fieldset>\n<div class=\"two-fields\">\n<label class=\"field\">\n  <div class=\"field__label\">Vorname *<\/div>\n  <div class=\"field__field\">\n    <span class=\"wpcf7-form-control-wrap\" data-name=\"form-fname\"><input size=\"40\" maxlength=\"400\" class=\"wpcf7-form-control wpcf7-text wpcf7-validates-as-required\" aria-required=\"true\" aria-invalid=\"false\" value=\"\" type=\"text\" name=\"form-fname\" \/><\/span>\n  <\/div>\n<\/label>\n<label class=\"field\">\n  <div class=\"field__label\">Nachname *<\/div>\n  <div class=\"field__field\">\n    <span class=\"wpcf7-form-control-wrap\" data-name=\"form-lname\"><input size=\"40\" maxlength=\"400\" class=\"wpcf7-form-control wpcf7-text wpcf7-validates-as-required\" aria-required=\"true\" aria-invalid=\"false\" value=\"\" type=\"text\" name=\"form-lname\" \/><\/span>\n  <\/div>\n<\/label>\n<\/div>\n<label class=\"field\">\n  <div class=\"field__label\">Firma <\/div>\n  <div class=\"field__field\">\n    <span class=\"wpcf7-form-control-wrap\" data-name=\"form-company-name\"><input size=\"40\" maxlength=\"400\" class=\"wpcf7-form-control wpcf7-text\" aria-invalid=\"false\" value=\"\" type=\"text\" name=\"form-company-name\" \/><\/span>\n  <\/div>\n<\/label>\n<label class=\"field\">\n  <div class=\"field__label\">Telefonnummer <\/div>\n  <div class=\"field__field\">\n    <span class=\"wpcf7-form-control-wrap\" data-name=\"form-phone\"><input size=\"40\" maxlength=\"400\" class=\"wpcf7-form-control wpcf7-text\" aria-invalid=\"false\" value=\"\" type=\"text\" name=\"form-phone\" \/><\/span>\n  <\/div>\n<\/label>\n<label class=\"field\">\n  <div class=\"field__label\">E-Mail-Adresse *<\/div>\n  <div class=\"field__field\">\n    <span class=\"wpcf7-form-control-wrap\" data-name=\"form-mail\"><input size=\"40\" maxlength=\"400\" class=\"wpcf7-form-control wpcf7-text wpcf7-validates-as-required\" aria-required=\"true\" aria-invalid=\"false\" value=\"\" type=\"text\" name=\"form-mail\" \/><\/span>\n  <\/div>\n<\/label>\n<label class=\"field\">\n  <div class=\"field__label\">Betreff <\/div>\n  <div class=\"field__field\">\n    <span class=\"wpcf7-form-control-wrap\" data-name=\"form-topic\"><select class=\"wpcf7-form-control wpcf7-select\" aria-invalid=\"false\" name=\"form-topic\"><option value=\"- w\u00e4hlen -\">&#8211; w\u00e4hlen &#8211;<\/option><option value=\"Bitte um Kontakt\">Bitte um Kontakt<\/option><option value=\"Bitte um ein Treffen\">Bitte um ein Treffen<\/option><option value=\"Bitte senden Sie mir ein Angebot f\u00fcr die Elektronik-Auftragsfertigung\">Bitte senden Sie mir ein Angebot f\u00fcr die Elektronik-Auftragsfertigung<\/option><option value=\"Vorschlag f\u00fcr eine Zusammenarbeit\">Vorschlag f\u00fcr eine Zusammenarbeit<\/option><option value=\"Sonstiges\">Sonstiges<\/option><\/select><\/span>\n  <\/div>\n<\/label>\n<label class=\"field\">\n  <div class=\"field__label\">Beschreiben Sie, was Sie brauchen <\/div>\n  <div class=\"field__field\">\n    <span class=\"wpcf7-form-control-wrap\" data-name=\"form-message\"><textarea cols=\"40\" rows=\"10\" maxlength=\"2000\" class=\"wpcf7-form-control wpcf7-textarea\" aria-invalid=\"false\" name=\"form-message\"><\/textarea><\/span>\n  <\/div>\n<\/label>\n<div class=\"form-info\">Die f\u00fcr die Verarbeitung personenbezogener Daten Verantwortliche ist die Printor Sp. z o.o.<\/div>\n<div class=\"form-checkboxes\">\n<div class=\"checkbox-wrapper\">\n<span class=\"wpcf7-form-control-wrap\" data-name=\"acceptance-77\"><span class=\"wpcf7-form-control wpcf7-acceptance\"><span class=\"wpcf7-list-item\"><label><input type=\"checkbox\" name=\"acceptance-77\" value=\"1\" aria-invalid=\"false\" \/><span class=\"wpcf7-list-item-label\"><strong>Einwilligung f\u00fcr die Verarbeitung personenbezogener Daten. <\/strong><span class=\"agreed-dots\">&#8230;<\/span> <button class=\"agreed-show-more\">Mehr<\/button> <span class=\"agreed-more\">Ich willige in die Verarbeitung meiner personenbezogenen Daten gem\u00e4\u00df dem jeweils geltenden Recht im Zusammenhang mit dem (Zweck) Absenden einer Anfrage \u00fcber das Kontaktformular ein. Die Angabe dieser Daten ist rein freiwillig, jedoch notwendig, um Ihre Anfrage zu bearbeiten. Meine personenbezogenen Daten werden so lange verarbeitet, bis ich meine Einwilligung widerrufe, oder f\u00fcr den Zeitraum, der zur Feststellung, Geltendmachung oder Verteidigung von Anspr\u00fcchen erforderlich ist. Ich erkl\u00e4re, dass ich dar\u00fcber informiert wurde, dass ich das Recht habe, jederzeit auf meine Daten zuzugreifen, sie zu berichtigen, meine Daten zu \u00fcbermitteln, die L\u00f6schung oder Einschr\u00e4nkung der Verarbeitung meiner personenbezogenen Daten zu verlangen, Widerspruch einzulegen (wenn die Verarbeitung auf dem berechtigten Interesse der f\u00fcr die Verarbeitung Verantwortlichen beruht) oder meine Einwilligung zu widerrufen.<\/span><\/span><\/label><\/span><\/span><\/span>\n<\/div>\n<div class=\"checkbox-wrapper\">\n<span class=\"wpcf7-form-control-wrap\" data-name=\"acceptance-78\"><span class=\"wpcf7-form-control wpcf7-acceptance\"><span class=\"wpcf7-list-item\"><label><input type=\"checkbox\" name=\"acceptance-78\" value=\"1\" aria-invalid=\"false\" \/><span class=\"wpcf7-list-item-label\"><strong>Einwilligung zum Erhalt kommerzieller Informationen.<\/strong><span class=\"agreed-dots\">&#8230;<\/span> <button class=\"agreed-show-more\">Mehr<\/button> <span class=\"agreed-more\">Ich erkl\u00e4re meine Einwilligung in die Verarbeitung meiner pers\u00f6nlichen Daten in \u00dcbereinstimmung mit den geltenden Rechtsvorschriften, um kommerzielle Informationen zu erhalten. Die Bereitstellung dieser Daten ist ausschlie\u00dflich freiwillig. Meine personenbezogenen Daten werden so lange verarbeitet, bis ich meine Einwilligung widerrufe, oder f\u00fcr den Zeitraum, der zur Feststellung, Geltendmachung oder Verteidigung von Anspr\u00fcchen erforderlich ist. Ich erkl\u00e4re, dass ich dar\u00fcber informiert wurde, dass ich das Recht habe, jederzeit auf meine Daten zuzugreifen, sie zu berichtigen, meine Daten zu \u00fcbermitteln, die L\u00f6schung oder Einschr\u00e4nkung der Verarbeitung meiner personenbezogenen Daten zu verlangen, Widerspruch einzulegen (wenn die Verarbeitung auf dem berechtigten Interesse der f\u00fcr die Verarbeitung Verantwortlichen beruht) oder meine Einwilligung zu widerrufen.<\/span><\/span><\/label><\/span><\/span><\/span>\n<\/div>\n<\/div>\n<span id=\"wpcf7-69dffe1062473-wrapper\" class=\"wpcf7-form-control-wrap honeypot-352-wrap\" style=\"display:none !important; visibility:hidden !important;\"><label for=\"wpcf7-69dffe1062473-field\" class=\"hp-message\">Please leave this field empty.<\/label><input id=\"wpcf7-69dffe1062473-field\"  class=\"wpcf7-form-control wpcf7-text\" type=\"text\" name=\"honeypot-352\" value=\"\" size=\"40\" tabindex=\"-1\" autocomplete=\"new-password\" \/><\/span>\n<div class=\"text-right\">\n  <button class=\"btn btn--orange wpcf7-form-control wpcf7-submit\">\n    <span class=\"bg\"><\/span>\n    <span class=\"btn__cta\">Senden<\/span>\n  <\/button>\n<\/div><div class=\"wpcf7-response-output\" aria-hidden=\"true\"><\/div>\n<\/form>\n<\/div>\n    <\/div>\n  <\/div>\n  <div class=\"form-contact\">\n    <div class=\"form-contact__inner\">\n      <p>Kontaktieren Sie unseren Kundenservice<\/p>\n<p>Telefon 1: +48 42 652 79 44<br \/>\nTelefon 2: +48 42 942 03 06<br \/>\nGSM: +48 606 273 189<\/p>\n<p>info@printor.pl<\/p>\n<p>Wir arbeiten von montags bis freitags von 8:00 bis 16:00 Uhr.<\/p>\n    <\/div>\n  <\/div>\n\n\n\n<p><\/p>\n","protected":false},"excerpt":{"rendered":"<p>Komponentenpr\u00fcfung &#8211; als Teil der umfassenden Elektronikfertigung Im Rahmen des Herstellungsprozesses f\u00fchren wir eine Reihe von Tests durch, um m\u00f6gliche [&hellip;]<\/p>\n","protected":false},"author":3,"featured_media":10716,"parent":0,"menu_order":0,"comment_status":"closed","ping_status":"closed","template":"","meta":{"inline_featured_image":false,"footnotes":""},"class_list":["post-10709","page","type-page","status-publish","has-post-thumbnail","hentry"],"yoast_head":"<!-- This site is optimized with the Yoast SEO plugin v26.3 - https:\/\/yoast.com\/wordpress\/plugins\/seo\/ -->\n<title>Elektroniktests - Printor<\/title>\n<meta name=\"robots\" content=\"index, follow, max-snippet:-1, max-image-preview:large, max-video-preview:-1\" \/>\n<link rel=\"canonical\" href=\"https:\/\/printor.pl\/de\/elektroniktests\/\" \/>\n<meta property=\"og:locale\" content=\"de_DE\" \/>\n<meta property=\"og:type\" content=\"article\" \/>\n<meta property=\"og:title\" content=\"Elektroniktests - Printor\" \/>\n<meta property=\"og:description\" content=\"Komponentenpr\u00fcfung &#8211; als Teil der umfassenden Elektronikfertigung Im Rahmen des Herstellungsprozesses f\u00fchren wir eine Reihe von Tests durch, um m\u00f6gliche [&hellip;]\" \/>\n<meta property=\"og:url\" content=\"https:\/\/printor.pl\/de\/elektroniktests\/\" \/>\n<meta property=\"og:site_name\" content=\"Printor\" \/>\n<meta property=\"article:modified_time\" content=\"2023-02-03T09:29:55+00:00\" \/>\n<meta property=\"og:image\" content=\"https:\/\/printor.pl\/wp-content\/uploads\/2023\/01\/Master-Testowanie-1024x213-1.jpg\" \/>\n\t<meta property=\"og:image:width\" content=\"1024\" \/>\n\t<meta property=\"og:image:height\" content=\"213\" \/>\n\t<meta property=\"og:image:type\" content=\"image\/jpeg\" \/>\n<meta name=\"twitter:card\" content=\"summary_large_image\" \/>\n<meta name=\"twitter:label1\" content=\"Gesch\u00e4tzte Lesezeit\" \/>\n\t<meta name=\"twitter:data1\" content=\"1\u00a0Minute\" \/>\n<script type=\"application\/ld+json\" class=\"yoast-schema-graph\">{\"@context\":\"https:\/\/schema.org\",\"@graph\":[{\"@type\":\"WebPage\",\"@id\":\"https:\/\/printor.pl\/de\/elektroniktests\/\",\"url\":\"https:\/\/printor.pl\/de\/elektroniktests\/\",\"name\":\"Elektroniktests - Printor\",\"isPartOf\":{\"@id\":\"https:\/\/printor.pl\/#website\"},\"primaryImageOfPage\":{\"@id\":\"https:\/\/printor.pl\/de\/elektroniktests\/#primaryimage\"},\"image\":{\"@id\":\"https:\/\/printor.pl\/de\/elektroniktests\/#primaryimage\"},\"thumbnailUrl\":\"https:\/\/printor.pl\/wp-content\/uploads\/2023\/01\/Master-Testowanie-1024x213-1.jpg\",\"datePublished\":\"2023-01-12T09:23:52+00:00\",\"dateModified\":\"2023-02-03T09:29:55+00:00\",\"breadcrumb\":{\"@id\":\"https:\/\/printor.pl\/de\/elektroniktests\/#breadcrumb\"},\"inLanguage\":\"de\",\"potentialAction\":[{\"@type\":\"ReadAction\",\"target\":[\"https:\/\/printor.pl\/de\/elektroniktests\/\"]}]},{\"@type\":\"ImageObject\",\"inLanguage\":\"de\",\"@id\":\"https:\/\/printor.pl\/de\/elektroniktests\/#primaryimage\",\"url\":\"https:\/\/printor.pl\/wp-content\/uploads\/2023\/01\/Master-Testowanie-1024x213-1.jpg\",\"contentUrl\":\"https:\/\/printor.pl\/wp-content\/uploads\/2023\/01\/Master-Testowanie-1024x213-1.jpg\",\"width\":1024,\"height\":213},{\"@type\":\"BreadcrumbList\",\"@id\":\"https:\/\/printor.pl\/de\/elektroniktests\/#breadcrumb\",\"itemListElement\":[{\"@type\":\"ListItem\",\"position\":1,\"name\":\"Strona g\u0142\u00f3wna\",\"item\":\"https:\/\/printor.pl\/de\/\"},{\"@type\":\"ListItem\",\"position\":2,\"name\":\"Elektroniktests\"}]},{\"@type\":\"WebSite\",\"@id\":\"https:\/\/printor.pl\/#website\",\"url\":\"https:\/\/printor.pl\/\",\"name\":\"Printor\",\"description\":\"\",\"potentialAction\":[{\"@type\":\"SearchAction\",\"target\":{\"@type\":\"EntryPoint\",\"urlTemplate\":\"https:\/\/printor.pl\/?s={search_term_string}\"},\"query-input\":{\"@type\":\"PropertyValueSpecification\",\"valueRequired\":true,\"valueName\":\"search_term_string\"}}],\"inLanguage\":\"de\"}]}<\/script>\n<!-- \/ Yoast SEO plugin. -->","yoast_head_json":{"title":"Elektroniktests - Printor","robots":{"index":"index","follow":"follow","max-snippet":"max-snippet:-1","max-image-preview":"max-image-preview:large","max-video-preview":"max-video-preview:-1"},"canonical":"https:\/\/printor.pl\/de\/elektroniktests\/","og_locale":"de_DE","og_type":"article","og_title":"Elektroniktests - Printor","og_description":"Komponentenpr\u00fcfung &#8211; als Teil der umfassenden Elektronikfertigung Im Rahmen des Herstellungsprozesses f\u00fchren wir eine Reihe von Tests durch, um m\u00f6gliche [&hellip;]","og_url":"https:\/\/printor.pl\/de\/elektroniktests\/","og_site_name":"Printor","article_modified_time":"2023-02-03T09:29:55+00:00","og_image":[{"width":1024,"height":213,"url":"https:\/\/printor.pl\/wp-content\/uploads\/2023\/01\/Master-Testowanie-1024x213-1.jpg","type":"image\/jpeg"}],"twitter_card":"summary_large_image","twitter_misc":{"Gesch\u00e4tzte Lesezeit":"1\u00a0Minute"},"schema":{"@context":"https:\/\/schema.org","@graph":[{"@type":"WebPage","@id":"https:\/\/printor.pl\/de\/elektroniktests\/","url":"https:\/\/printor.pl\/de\/elektroniktests\/","name":"Elektroniktests - Printor","isPartOf":{"@id":"https:\/\/printor.pl\/#website"},"primaryImageOfPage":{"@id":"https:\/\/printor.pl\/de\/elektroniktests\/#primaryimage"},"image":{"@id":"https:\/\/printor.pl\/de\/elektroniktests\/#primaryimage"},"thumbnailUrl":"https:\/\/printor.pl\/wp-content\/uploads\/2023\/01\/Master-Testowanie-1024x213-1.jpg","datePublished":"2023-01-12T09:23:52+00:00","dateModified":"2023-02-03T09:29:55+00:00","breadcrumb":{"@id":"https:\/\/printor.pl\/de\/elektroniktests\/#breadcrumb"},"inLanguage":"de","potentialAction":[{"@type":"ReadAction","target":["https:\/\/printor.pl\/de\/elektroniktests\/"]}]},{"@type":"ImageObject","inLanguage":"de","@id":"https:\/\/printor.pl\/de\/elektroniktests\/#primaryimage","url":"https:\/\/printor.pl\/wp-content\/uploads\/2023\/01\/Master-Testowanie-1024x213-1.jpg","contentUrl":"https:\/\/printor.pl\/wp-content\/uploads\/2023\/01\/Master-Testowanie-1024x213-1.jpg","width":1024,"height":213},{"@type":"BreadcrumbList","@id":"https:\/\/printor.pl\/de\/elektroniktests\/#breadcrumb","itemListElement":[{"@type":"ListItem","position":1,"name":"Strona g\u0142\u00f3wna","item":"https:\/\/printor.pl\/de\/"},{"@type":"ListItem","position":2,"name":"Elektroniktests"}]},{"@type":"WebSite","@id":"https:\/\/printor.pl\/#website","url":"https:\/\/printor.pl\/","name":"Printor","description":"","potentialAction":[{"@type":"SearchAction","target":{"@type":"EntryPoint","urlTemplate":"https:\/\/printor.pl\/?s={search_term_string}"},"query-input":{"@type":"PropertyValueSpecification","valueRequired":true,"valueName":"search_term_string"}}],"inLanguage":"de"}]}},"_links":{"self":[{"href":"https:\/\/printor.pl\/de\/wp-json\/wp\/v2\/pages\/10709","targetHints":{"allow":["GET"]}}],"collection":[{"href":"https:\/\/printor.pl\/de\/wp-json\/wp\/v2\/pages"}],"about":[{"href":"https:\/\/printor.pl\/de\/wp-json\/wp\/v2\/types\/page"}],"author":[{"embeddable":true,"href":"https:\/\/printor.pl\/de\/wp-json\/wp\/v2\/users\/3"}],"replies":[{"embeddable":true,"href":"https:\/\/printor.pl\/de\/wp-json\/wp\/v2\/comments?post=10709"}],"version-history":[{"count":12,"href":"https:\/\/printor.pl\/de\/wp-json\/wp\/v2\/pages\/10709\/revisions"}],"predecessor-version":[{"id":10832,"href":"https:\/\/printor.pl\/de\/wp-json\/wp\/v2\/pages\/10709\/revisions\/10832"}],"wp:featuredmedia":[{"embeddable":true,"href":"https:\/\/printor.pl\/de\/wp-json\/wp\/v2\/media\/10716"}],"wp:attachment":[{"href":"https:\/\/printor.pl\/de\/wp-json\/wp\/v2\/media?parent=10709"}],"curies":[{"name":"wp","href":"https:\/\/api.w.org\/{rel}","templated":true}]}}