{"id":9053,"date":"2022-08-16T23:50:01","date_gmt":"2022-08-16T21:50:01","guid":{"rendered":"https:\/\/printor.pl\/?page_id=9053"},"modified":"2024-10-01T14:11:23","modified_gmt":"2024-10-01T12:11:23","slug":"kontakt","status":"publish","type":"page","link":"https:\/\/printor.pl\/de\/kontakt\/","title":{"rendered":"Kontakt"},"content":{"rendered":"\n<div class=\"wp-block-columns is-layout-flex wp-container-core-columns-is-layout-9d6595d7 wp-block-columns-is-layout-flex\">\n<div class=\"wp-block-column is-vertically-aligned-top border is-style-bordered is-layout-flow wp-block-column-is-layout-flow\">\n<p><span style=\"color: #000080; font-size: 32px; font-family: Ubuntu;\">Hast du Fragen?<\/span><\/p>\n<p><span style=\"color: #000080; font-size: 24px; font-family: Ubuntu;\"><span style=\"color: #0000ff;\">Interessieren Sie sich f\u00fcr eine Zusammenarbeit mit einem Elektronik -Lieferanten, dem EMS -Partner?<\/span><\/span><\/p>\n<p><span style=\"font-size: 16px;\"><br><strong>Verwenden Sie das Formular<\/strong>, lassen Sie Ihre E-Mail-Adresse oder Telefonnummer. Wir werden Sie so schnell wie m\u00f6glich kontaktieren.<\/span><\/p>\n\n\n\n<div style=\"height:26px\" aria-hidden=\"true\" class=\"wp-block-spacer\"><\/div>\n\n\n\n<p>Der Bereich unserer T\u00e4tigkeit ist die Auftragsfertigung von Elektronik, <strong>einschlie\u00dflich Serienauftr\u00e4gen<\/strong>. Wir laden interessierte Unternehmen ein, sich mit uns in Verbindung zu setzen.<\/p>\n\n\n\n<table style=\"border-collapse: collapse; width: 100%; height: 376px;\">\n<tbody>\n<tr style=\"height: 404px;\">\n<td style=\"width: 50%; height: 376px;\">\n<h3>Printor Sp. z o.o.<\/h3>\n<p><strong>Unternehmenssitz<\/strong><br \/>ul. Szczeci\u0144ska 59a<br \/>91-222 \u0141\u00f3d\u017a<\/p>\n<p><strong>Kontaktdaten<\/strong><br \/>Telefon 1: +48 42 652 79 44<br \/>Telefon 2: +48 42 942 03 06<br \/>FAX: +48 42 652 60 21<\/p>\n<\/td>\n<td style=\"width: 50%; height: 376px;\">Registerdaten<br \/>USt.-Identifikationsnummer (NIP): 947 198 06 46<br \/>Gewerbeanmeldungsnummer (REGON): 101324405<br \/>Handelsregisternummer (KRS): 0000408800<br \/>Bezirksgericht f\u00fcr \u0141\u00f3d\u017a \u015ar\u00f3dmie\u015bcie in \u0141\u00f3d\u017a, XX. Abteilung des nationalen Handelsregisters<\/td>\n<\/tr>\n<\/tbody>\n<\/table>\n\n\n\n<figure class=\"wp-block-embed-youtube wp-block-embed is-type-video is-provider-youtube caption-align-center wp-embed-aspect-16-9 wp-has-aspect-ratio\"><div class=\"wp-block-embed__wrapper\">\n<iframe loading=\"lazy\" title=\"Printor Electronic Manufacturing Services | EMS | PL\" width=\"500\" height=\"281\" src=\"https:\/\/www.youtube.com\/embed\/ZuzWF_DdSiY?feature=oembed\" frameborder=\"0\" allow=\"accelerometer; autoplay; clipboard-write; encrypted-media; gyroscope; picture-in-picture; web-share\" referrerpolicy=\"strict-origin-when-cross-origin\" allowfullscreen><\/iframe>\n<\/div><\/figure>\n<\/div>\n\n\n\n<div class=\"wp-block-column is-layout-flow wp-block-column-is-layout-flow\">\n<div class=\"wp-block-group has-blue-background-color has-background\"><div class=\"wp-block-group__inner-container is-layout-flow wp-block-group-is-layout-flow\">\n<h3 class=\"has-text-align-center contact-header wp-block-heading\"><span style=\"color:#F7F9FB\" class=\"tadv-color\">Kontaktieren Sie uns<\/span><\/h3>\n<\/div><\/div>\n\n\n\n<div class=\"wp-block-group has-light-gray-background-color has-background\"><div class=\"wp-block-group__inner-container is-layout-flow wp-block-group-is-layout-flow\">\n<div class=\"wpcf7 no-js\" id=\"wpcf7-f9045-o1\" lang=\"pl-PL\" dir=\"ltr\" data-wpcf7-id=\"9045\">\n<div class=\"screen-reader-response\"><p role=\"status\" aria-live=\"polite\" aria-atomic=\"true\"><\/p> <ul><\/ul><\/div>\n<form action=\"\/de\/wp-json\/wp\/v2\/pages\/9053#wpcf7-f9045-o1\" method=\"post\" class=\"wpcf7-form init wpcf7-acceptance-as-validation\" aria-label=\"Formularz kontaktowy\" novalidate=\"novalidate\" data-status=\"init\">\n<fieldset class=\"hidden-fields-container\"><input type=\"hidden\" name=\"_wpcf7\" value=\"9045\" \/><input type=\"hidden\" name=\"_wpcf7_version\" value=\"6.1.2\" \/><input type=\"hidden\" name=\"_wpcf7_locale\" value=\"pl_PL\" \/><input type=\"hidden\" name=\"_wpcf7_unit_tag\" value=\"wpcf7-f9045-o1\" \/><input type=\"hidden\" name=\"_wpcf7_container_post\" value=\"0\" \/><input type=\"hidden\" name=\"_wpcf7_posted_data_hash\" value=\"\" \/><input type=\"hidden\" name=\"_wpcf7cf_hidden_group_fields\" value=\"[]\" \/><input type=\"hidden\" name=\"_wpcf7cf_hidden_groups\" value=\"[]\" \/><input type=\"hidden\" name=\"_wpcf7cf_visible_groups\" value=\"[]\" \/><input type=\"hidden\" name=\"_wpcf7cf_repeaters\" value=\"[]\" \/><input type=\"hidden\" name=\"_wpcf7cf_steps\" value=\"{}\" \/><input type=\"hidden\" name=\"_wpcf7cf_options\" value=\"{&quot;form_id&quot;:9045,&quot;conditions&quot;:[],&quot;settings&quot;:{&quot;animation&quot;:&quot;yes&quot;,&quot;animation_intime&quot;:200,&quot;animation_outtime&quot;:200,&quot;conditions_ui&quot;:&quot;normal&quot;,&quot;notice_dismissed&quot;:false,&quot;notice_dismissed_update-cf7-6.0&quot;:true}}\" \/><input type=\"hidden\" name=\"_wpcf7_recaptcha_response\" value=\"\" \/>\n<\/fieldset>\n<div class=\"two-fields\">\n<label class=\"field\">\n  <div class=\"field__label\">Vorname *<\/div>\n  <div class=\"field__field\">\n    <span class=\"wpcf7-form-control-wrap\" data-name=\"form-fname\"><input size=\"40\" maxlength=\"400\" class=\"wpcf7-form-control wpcf7-text wpcf7-validates-as-required\" aria-required=\"true\" aria-invalid=\"false\" value=\"\" type=\"text\" name=\"form-fname\" \/><\/span>\n  <\/div>\n<\/label>\n<label class=\"field\">\n  <div class=\"field__label\">Nachname *<\/div>\n  <div class=\"field__field\">\n    <span class=\"wpcf7-form-control-wrap\" data-name=\"form-lname\"><input size=\"40\" maxlength=\"400\" class=\"wpcf7-form-control wpcf7-text wpcf7-validates-as-required\" aria-required=\"true\" aria-invalid=\"false\" value=\"\" type=\"text\" name=\"form-lname\" \/><\/span>\n  <\/div>\n<\/label>\n<\/div>\n<label class=\"field\">\n  <div class=\"field__label\">Firma <\/div>\n  <div class=\"field__field\">\n    <span class=\"wpcf7-form-control-wrap\" data-name=\"form-company-name\"><input size=\"40\" maxlength=\"400\" class=\"wpcf7-form-control wpcf7-text\" aria-invalid=\"false\" value=\"\" type=\"text\" name=\"form-company-name\" \/><\/span>\n  <\/div>\n<\/label>\n<label class=\"field\">\n  <div class=\"field__label\">Telefonnummer <\/div>\n  <div class=\"field__field\">\n    <span class=\"wpcf7-form-control-wrap\" data-name=\"form-phone\"><input size=\"40\" maxlength=\"400\" class=\"wpcf7-form-control wpcf7-text\" aria-invalid=\"false\" value=\"\" type=\"text\" name=\"form-phone\" \/><\/span>\n  <\/div>\n<\/label>\n<label class=\"field\">\n  <div class=\"field__label\">E-Mail-Adresse *<\/div>\n  <div class=\"field__field\">\n    <span class=\"wpcf7-form-control-wrap\" data-name=\"form-mail\"><input size=\"40\" maxlength=\"400\" class=\"wpcf7-form-control wpcf7-text wpcf7-validates-as-required\" aria-required=\"true\" aria-invalid=\"false\" value=\"\" type=\"text\" name=\"form-mail\" \/><\/span>\n  <\/div>\n<\/label>\n<label class=\"field\">\n  <div class=\"field__label\">Betreff <\/div>\n  <div class=\"field__field\">\n    <span class=\"wpcf7-form-control-wrap\" data-name=\"form-topic\"><select class=\"wpcf7-form-control wpcf7-select\" aria-invalid=\"false\" name=\"form-topic\"><option value=\"- w\u00e4hlen -\">- w\u00e4hlen -<\/option><option value=\"Bitte um Kontakt\">Bitte um Kontakt<\/option><option value=\"Bitte um ein Treffen\">Bitte um ein Treffen<\/option><option value=\"Bitte senden Sie mir ein Angebot f\u00fcr die Elektronik-Auftragsfertigung\">Bitte senden Sie mir ein Angebot f\u00fcr die Elektronik-Auftragsfertigung<\/option><option value=\"Vorschlag f\u00fcr eine Zusammenarbeit\">Vorschlag f\u00fcr eine Zusammenarbeit<\/option><option value=\"Sonstiges\">Sonstiges<\/option><\/select><\/span>\n  <\/div>\n<\/label>\n<label class=\"field\">\n  <div class=\"field__label\">Beschreiben Sie, was Sie brauchen <\/div>\n  <div class=\"field__field\">\n    <span class=\"wpcf7-form-control-wrap\" data-name=\"form-message\"><textarea cols=\"40\" rows=\"10\" maxlength=\"2000\" class=\"wpcf7-form-control wpcf7-textarea\" aria-invalid=\"false\" name=\"form-message\"><\/textarea><\/span>\n  <\/div>\n<\/label>\n<div class=\"form-info\">Die f\u00fcr die Verarbeitung personenbezogener Daten Verantwortliche ist die Printor Sp. z o.o.<\/div>\n<div class=\"form-checkboxes\">\n<div class=\"checkbox-wrapper\">\n<span class=\"wpcf7-form-control-wrap\" data-name=\"acceptance-77\"><span class=\"wpcf7-form-control wpcf7-acceptance\"><span class=\"wpcf7-list-item\"><label><input type=\"checkbox\" name=\"acceptance-77\" value=\"1\" aria-invalid=\"false\" \/><span class=\"wpcf7-list-item-label\"><strong>Einwilligung f\u00fcr die Verarbeitung personenbezogener Daten. <\/strong><span class=\"agreed-dots\">...<\/span> <button class=\"agreed-show-more\">Mehr<\/button> <span class=\"agreed-more\">Ich willige in die Verarbeitung meiner personenbezogenen Daten gem\u00e4\u00df dem jeweils geltenden Recht im Zusammenhang mit dem (Zweck) Absenden einer Anfrage \u00fcber das Kontaktformular ein. Die Angabe dieser Daten ist rein freiwillig, jedoch notwendig, um Ihre Anfrage zu bearbeiten. Meine personenbezogenen Daten werden so lange verarbeitet, bis ich meine Einwilligung widerrufe, oder f\u00fcr den Zeitraum, der zur Feststellung, Geltendmachung oder Verteidigung von Anspr\u00fcchen erforderlich ist. Ich erkl\u00e4re, dass ich dar\u00fcber informiert wurde, dass ich das Recht habe, jederzeit auf meine Daten zuzugreifen, sie zu berichtigen, meine Daten zu \u00fcbermitteln, die L\u00f6schung oder Einschr\u00e4nkung der Verarbeitung meiner personenbezogenen Daten zu verlangen, Widerspruch einzulegen (wenn die Verarbeitung auf dem berechtigten Interesse der f\u00fcr die Verarbeitung Verantwortlichen beruht) oder meine Einwilligung zu widerrufen.<\/span><\/span><\/label><\/span><\/span><\/span>\n<\/div>\n<div class=\"checkbox-wrapper\">\n<span class=\"wpcf7-form-control-wrap\" data-name=\"acceptance-78\"><span class=\"wpcf7-form-control wpcf7-acceptance\"><span class=\"wpcf7-list-item\"><label><input type=\"checkbox\" name=\"acceptance-78\" value=\"1\" aria-invalid=\"false\" \/><span class=\"wpcf7-list-item-label\"><strong>Einwilligung zum Erhalt kommerzieller Informationen.<\/strong><span class=\"agreed-dots\">...<\/span> <button class=\"agreed-show-more\">Mehr<\/button> <span class=\"agreed-more\">Ich erkl\u00e4re meine Einwilligung in die Verarbeitung meiner pers\u00f6nlichen Daten in \u00dcbereinstimmung mit den geltenden Rechtsvorschriften, um kommerzielle Informationen zu erhalten. Die Bereitstellung dieser Daten ist ausschlie\u00dflich freiwillig. Meine personenbezogenen Daten werden so lange verarbeitet, bis ich meine Einwilligung widerrufe, oder f\u00fcr den Zeitraum, der zur Feststellung, Geltendmachung oder Verteidigung von Anspr\u00fcchen erforderlich ist. Ich erkl\u00e4re, dass ich dar\u00fcber informiert wurde, dass ich das Recht habe, jederzeit auf meine Daten zuzugreifen, sie zu berichtigen, meine Daten zu \u00fcbermitteln, die L\u00f6schung oder Einschr\u00e4nkung der Verarbeitung meiner personenbezogenen Daten zu verlangen, Widerspruch einzulegen (wenn die Verarbeitung auf dem berechtigten Interesse der f\u00fcr die Verarbeitung Verantwortlichen beruht) oder meine Einwilligung zu widerrufen.<\/span><\/span><\/label><\/span><\/span><\/span>\n<\/div>\n<\/div>\n<span id=\"wpcf7-69e1c9ca9dca7-wrapper\" class=\"wpcf7-form-control-wrap honeypot-352-wrap\" style=\"display:none !important; visibility:hidden !important;\"><label for=\"wpcf7-69e1c9ca9dca7-field\" class=\"hp-message\">Please leave this field empty.<\/label><input id=\"wpcf7-69e1c9ca9dca7-field\"  class=\"wpcf7-form-control wpcf7-text\" type=\"text\" name=\"honeypot-352\" value=\"\" size=\"40\" tabindex=\"-1\" autocomplete=\"new-password\" \/><\/span>\n<div class=\"text-right\">\n  <button class=\"btn btn--orange wpcf7-form-control wpcf7-submit\">\n    <span class=\"bg\"><\/span>\n    <span class=\"btn__cta\">Senden<\/span>\n  <\/button>\n<\/div><div class=\"wpcf7-response-output\" aria-hidden=\"true\"><\/div>\n<\/form>\n<\/div>\n\n<\/div><\/div>\n\n\n\n<p><\/p>\n<\/div>\n<\/div>\n\n\n\n<div class=\"wp-block-group has-blue-background-color has-background editorskit-no-desktop editorskit-no-tablet editorskit-no-mobile\"><div class=\"wp-block-group__inner-container is-layout-flow wp-block-group-is-layout-flow\">\n<h2 class=\"has-text-align-center editorskit-no-desktop editorskit-no-tablet editorskit-no-mobile wp-block-heading\"><span style=\"color:#F7F9FB\" class=\"tadv-color\">Verkaufsbedingungen<\/span><\/h2>\n\n\n\n<p class=\"has-text-align-center\"><span style=\"color:#F7F9FB\" class=\"tadv-color\">(verf\u00fcgbar in englischer Sprache)<\/span><br><\/p>\n\n\n\n<div class=\"wp-block-file aligncenter\"><a href=\"https:\/\/printor.pl\/wp-content\/uploads\/2022\/08\/Printor_terms-of-sale-3.pdf\" target=\"_blank\" rel=\"noreferrer noopener\"><span style=\"color:#ffffff\" class=\"tadv-color\">Allgemeine Verkaufsbedingungen ansehen \u2013 verf\u00fcgbar in englischer Sprache<\/span><\/a><a href=\"https:\/\/printor.pl\/wp-content\/uploads\/2022\/08\/Printor_terms-of-sale-3.pdf\" class=\"wp-block-file__button\" download><span style=\"color:#F7F9FB\" class=\"tadv-color\">Herunterladen<\/span><\/a><\/div>\n<\/div><\/div>\n\n\n  <div class=\"sell-wrapper\">\n    <div class=\"container sell-contact\">\n      <div class=\"sell-contact__text text\">\n        <p><span style=\"font-size: 24px; font-family: Ubuntu; color: #003aa7;\"><strong>Suchen Sie einen Elektroniklieferanten, einen EMS-Partner? Sie k\u00f6nnen sich gern direkt an uns wenden.<\/strong><\/span><\/p>\n<p>Gern sprechen wir \u00fcber Ihre Bed\u00fcrfnisse, unsere Expertinnen und Experten stehen Ihnen gern zur Verf\u00fcgung.<\/p>\n      <\/div>\n              <div class=\"sell-contact__person\">\n          <div class=\"sell-contact__photo\">\n            <img loading=\"lazy\" decoding=\"async\" width=\"400\" height=\"600\" src=\"https:\/\/printor.pl\/wp-content\/uploads\/2024\/08\/Katarzyna_Clapa.jpg\" class=\"attachment-square size-square\" alt=\"\" srcset=\"https:\/\/printor.pl\/wp-content\/uploads\/2024\/08\/Katarzyna_Clapa.jpg 400w, https:\/\/printor.pl\/wp-content\/uploads\/2024\/08\/Katarzyna_Clapa-200x300.jpg 200w\" sizes=\"auto, (max-width: 400px) 100vw, 400px\" \/>                          <a href=\"https:\/\/www.linkedin.com\/in\/katarzyna-clapa\/\" rel=\"nofollow noopener\" target=\"_blank\" class=\"sell-contact__linkedin\"><img decoding=\"async\" src=\"https:\/\/printor.pl\/wp-content\/themes\/printor\/assets\/images\/linkedin2.svg\" alt=\"Linkedin\" \/><\/a>\n                      <\/div>\n          <div class=\"sell-contact__info\">\n            <div class=\"sell-contact__name\">Katarzyna C\u0142apa<\/div>\n            <div class=\"sell-contact__person-text\"><p>Vertriebsspezialist<br \/>\n+48 669 668 041<br \/>\n<a href=\"mailto:katarzyna.clapa@printor.pl\">katarzyna.clapa@printor.pl<\/a><\/p>\n<\/div>\n          <\/div>\n        <\/div>\n\n              <div class=\"sell-contact__person\">\n          <div class=\"sell-contact__photo\">\n            <img loading=\"lazy\" decoding=\"async\" width=\"400\" height=\"600\" src=\"https:\/\/printor.pl\/wp-content\/uploads\/2024\/08\/Agnieszka-Jobda.jpg\" class=\"attachment-square size-square\" alt=\"\" srcset=\"https:\/\/printor.pl\/wp-content\/uploads\/2024\/08\/Agnieszka-Jobda.jpg 400w, https:\/\/printor.pl\/wp-content\/uploads\/2024\/08\/Agnieszka-Jobda-200x300.jpg 200w\" sizes=\"auto, (max-width: 400px) 100vw, 400px\" \/>                          <a href=\"https:\/\/www.linkedin.com\/in\/agnieszka-jobda-21289818b\/\" rel=\"nofollow noopener\" target=\"_blank\" class=\"sell-contact__linkedin\"><img decoding=\"async\" src=\"https:\/\/printor.pl\/wp-content\/themes\/printor\/assets\/images\/linkedin2.svg\" alt=\"Linkedin\" \/><\/a>\n                      <\/div>\n          <div class=\"sell-contact__info\">\n            <div class=\"sell-contact__name\">Agnieszka Jobda<\/div>\n            <div class=\"sell-contact__person-text\"><p>Vertriebsspezialist<br \/>\n+48 603 163 394<br \/>\n<a href=\"mailto:agnieszka.jobda@printor.pl\">agnieszka.jobda@printor.pl<\/a><\/p>\n<\/div>\n          <\/div>\n        <\/div>\n\n          <\/div>\n  <\/div>\n\n\n\n<div class=\"wp-block-group\"><div class=\"wp-block-group__inner-container is-layout-flow wp-block-group-is-layout-flow\">\n<h2 class=\"wp-block-heading\">Herunterladbare Dateien \u2013 unerl\u00e4sslich f\u00fcr den Anfrageprozess<\/h2>\n\n\n\n<div class=\"wp-block-columns is-layout-flex wp-container-core-columns-is-layout-9d6595d7 wp-block-columns-is-layout-flex\">\n<div class=\"wp-block-column is-layout-flow wp-block-column-is-layout-flow\" style=\"flex-basis:67%\">\n<p><img loading=\"lazy\" decoding=\"async\" class=\"size-full wp-image-3485 alignleft\" src=\"https:\/\/printor.pl\/wp-content\/uploads\/2020\/03\/do_pobrania.png\" alt=\"\" width=\"68\" height=\"77\"> <span style=\"font-size: inherit;\"><br><strong><a href=\"https:\/\/printor.pl\/wp-content\/uploads\/2020\/09\/BOM_Printor_en.xls\">BOM EN sheet <\/a>&#8211; <\/strong>a list of all elements used in assembly<br><br><br><br><\/span><\/p>\n\n\n\n<p><img loading=\"lazy\" decoding=\"async\" class=\"size-full wp-image-3485 alignleft\" src=\"https:\/\/printor.pl\/wp-content\/uploads\/2020\/03\/do_pobrania.png\" alt=\"\" width=\"68\" height=\"77\" \/> <span style=\"font-size: inherit;\"><br \/><strong><a href=\"https:\/\/printor.pl\/wp-content\/uploads\/2023\/03\/printor_allgemeine_verkaufsbedingungen.pdf\" target=\"_blank\" rel=\"noopener noreferrer\" data-wplink-edit=\"true\">Allgemeine Verkaufsbedingungen ansehen<\/a><br \/><br \/><br \/><br \/><\/strong><\/span><\/p>\n<\/div>\n\n\n\n<div class=\"wp-block-column is-layout-flow wp-block-column-is-layout-flow\" style=\"flex-basis:33%\">\n<figure class=\"wp-block-image size-large\"><img loading=\"lazy\" decoding=\"async\" width=\"300\" height=\"300\" src=\"https:\/\/printor.pl\/wp-content\/uploads\/2020\/03\/Printor_pliki_do_pobrania-1.jpeg\" alt=\"\" class=\"wp-image-3559\" srcset=\"https:\/\/printor.pl\/wp-content\/uploads\/2020\/03\/Printor_pliki_do_pobrania-1.jpeg 300w, https:\/\/printor.pl\/wp-content\/uploads\/2020\/03\/Printor_pliki_do_pobrania-1-150x150.jpeg 150w\" sizes=\"auto, (max-width: 300px) 100vw, 300px\" \/><\/figure>\n<\/div>\n<\/div>\n<\/div><\/div>\n\n\n\n<div class=\"wp-block-group is-layout-flow wp-block-group-is-layout-flow\"><div class=\"wp-block-group__inner-container\"><\/div><\/div>\n\n\n\n<p><\/p>\n","protected":false},"excerpt":{"rendered":"<p>Hast du Fragen? Interessieren Sie sich f\u00fcr eine Zusammenarbeit mit einem Elektronik -Lieferanten, dem EMS -Partner? Verwenden Sie das Formular, [&hellip;]<\/p>\n","protected":false},"author":2,"featured_media":9055,"parent":0,"menu_order":0,"comment_status":"closed","ping_status":"closed","template":"","meta":{"inline_featured_image":false,"footnotes":""},"class_list":["post-9053","page","type-page","status-publish","has-post-thumbnail","hentry"],"yoast_head":"<!-- This site is optimized with the Yoast SEO plugin v26.3 - https:\/\/yoast.com\/wordpress\/plugins\/seo\/ -->\n<title>Printor | Kontaktieren Sie uns!<\/title>\n<meta name=\"description\" content=\"Wir laden Sie zur Kontaktaufnahme und zur Zusammenarbeit ein. Bauen Sie Ihr Gesch\u00e4ft gemeinsam mit Printor Electronic Manufacturing aus. \u00dcber 40 Jahre Erfahrung in der Branche.\" \/>\n<meta name=\"robots\" content=\"index, follow, max-snippet:-1, max-image-preview:large, max-video-preview:-1\" \/>\n<link rel=\"canonical\" href=\"https:\/\/printor.pl\/kontakt\/\" \/>\n<meta property=\"og:locale\" content=\"de_DE\" \/>\n<meta property=\"og:type\" content=\"article\" \/>\n<meta property=\"og:title\" content=\"Printor | Kontaktieren Sie uns!\" \/>\n<meta property=\"og:description\" content=\"Wir laden Sie zur Kontaktaufnahme und zur Zusammenarbeit ein. Bauen Sie Ihr Gesch\u00e4ft gemeinsam mit Printor Electronic Manufacturing aus. \u00dcber 40 Jahre Erfahrung in der Branche.\" \/>\n<meta property=\"og:url\" content=\"https:\/\/printor.pl\/kontakt\/\" \/>\n<meta property=\"og:site_name\" content=\"Printor\" \/>\n<meta property=\"article:modified_time\" content=\"2024-10-01T12:11:23+00:00\" \/>\n<meta property=\"og:image\" content=\"https:\/\/printor.pl\/wp-content\/uploads\/2020\/03\/Master-Kontakt-scaled.jpg\" \/>\n\t<meta property=\"og:image:width\" content=\"1900\" \/>\n\t<meta property=\"og:image:height\" content=\"396\" \/>\n\t<meta property=\"og:image:type\" content=\"image\/jpeg\" \/>\n<meta name=\"twitter:card\" content=\"summary_large_image\" \/>\n<meta name=\"twitter:label1\" content=\"Gesch\u00e4tzte Lesezeit\" \/>\n\t<meta name=\"twitter:data1\" content=\"1\u00a0Minute\" \/>\n<script type=\"application\/ld+json\" class=\"yoast-schema-graph\">{\"@context\":\"https:\/\/schema.org\",\"@graph\":[{\"@type\":\"WebPage\",\"@id\":\"https:\/\/printor.pl\/kontakt\/\",\"url\":\"https:\/\/printor.pl\/kontakt\/\",\"name\":\"Printor | Kontaktieren Sie uns!\",\"isPartOf\":{\"@id\":\"https:\/\/printor.pl\/#website\"},\"primaryImageOfPage\":{\"@id\":\"https:\/\/printor.pl\/kontakt\/#primaryimage\"},\"image\":{\"@id\":\"https:\/\/printor.pl\/kontakt\/#primaryimage\"},\"thumbnailUrl\":\"https:\/\/printor.pl\/wp-content\/uploads\/2020\/03\/Master-Kontakt-scaled.jpg\",\"datePublished\":\"2022-08-16T21:50:01+00:00\",\"dateModified\":\"2024-10-01T12:11:23+00:00\",\"description\":\"Wir laden Sie zur Kontaktaufnahme und zur Zusammenarbeit ein. Bauen Sie Ihr Gesch\u00e4ft gemeinsam mit Printor Electronic Manufacturing aus. \u00dcber 40 Jahre Erfahrung in der Branche.\",\"breadcrumb\":{\"@id\":\"https:\/\/printor.pl\/kontakt\/#breadcrumb\"},\"inLanguage\":\"de\",\"potentialAction\":[{\"@type\":\"ReadAction\",\"target\":[\"https:\/\/printor.pl\/kontakt\/\"]}]},{\"@type\":\"ImageObject\",\"inLanguage\":\"de\",\"@id\":\"https:\/\/printor.pl\/kontakt\/#primaryimage\",\"url\":\"https:\/\/printor.pl\/wp-content\/uploads\/2020\/03\/Master-Kontakt-scaled.jpg\",\"contentUrl\":\"https:\/\/printor.pl\/wp-content\/uploads\/2020\/03\/Master-Kontakt-scaled.jpg\",\"width\":1900,\"height\":396},{\"@type\":\"BreadcrumbList\",\"@id\":\"https:\/\/printor.pl\/kontakt\/#breadcrumb\",\"itemListElement\":[{\"@type\":\"ListItem\",\"position\":1,\"name\":\"Strona g\u0142\u00f3wna\",\"item\":\"https:\/\/printor.pl\/de\/\"},{\"@type\":\"ListItem\",\"position\":2,\"name\":\"Kontakt\"}]},{\"@type\":\"WebSite\",\"@id\":\"https:\/\/printor.pl\/#website\",\"url\":\"https:\/\/printor.pl\/\",\"name\":\"Printor\",\"description\":\"\",\"potentialAction\":[{\"@type\":\"SearchAction\",\"target\":{\"@type\":\"EntryPoint\",\"urlTemplate\":\"https:\/\/printor.pl\/?s={search_term_string}\"},\"query-input\":{\"@type\":\"PropertyValueSpecification\",\"valueRequired\":true,\"valueName\":\"search_term_string\"}}],\"inLanguage\":\"de\"}]}<\/script>\n<!-- \/ Yoast SEO plugin. -->","yoast_head_json":{"title":"Printor | Kontaktieren Sie uns!","description":"Wir laden Sie zur Kontaktaufnahme und zur Zusammenarbeit ein. Bauen Sie Ihr Gesch\u00e4ft gemeinsam mit Printor Electronic Manufacturing aus. \u00dcber 40 Jahre Erfahrung in der Branche.","robots":{"index":"index","follow":"follow","max-snippet":"max-snippet:-1","max-image-preview":"max-image-preview:large","max-video-preview":"max-video-preview:-1"},"canonical":"https:\/\/printor.pl\/kontakt\/","og_locale":"de_DE","og_type":"article","og_title":"Printor | Kontaktieren Sie uns!","og_description":"Wir laden Sie zur Kontaktaufnahme und zur Zusammenarbeit ein. Bauen Sie Ihr Gesch\u00e4ft gemeinsam mit Printor Electronic Manufacturing aus. \u00dcber 40 Jahre Erfahrung in der Branche.","og_url":"https:\/\/printor.pl\/kontakt\/","og_site_name":"Printor","article_modified_time":"2024-10-01T12:11:23+00:00","og_image":[{"width":1900,"height":396,"url":"https:\/\/printor.pl\/wp-content\/uploads\/2020\/03\/Master-Kontakt-scaled.jpg","type":"image\/jpeg"}],"twitter_card":"summary_large_image","twitter_misc":{"Gesch\u00e4tzte Lesezeit":"1\u00a0Minute"},"schema":{"@context":"https:\/\/schema.org","@graph":[{"@type":"WebPage","@id":"https:\/\/printor.pl\/kontakt\/","url":"https:\/\/printor.pl\/kontakt\/","name":"Printor | Kontaktieren Sie uns!","isPartOf":{"@id":"https:\/\/printor.pl\/#website"},"primaryImageOfPage":{"@id":"https:\/\/printor.pl\/kontakt\/#primaryimage"},"image":{"@id":"https:\/\/printor.pl\/kontakt\/#primaryimage"},"thumbnailUrl":"https:\/\/printor.pl\/wp-content\/uploads\/2020\/03\/Master-Kontakt-scaled.jpg","datePublished":"2022-08-16T21:50:01+00:00","dateModified":"2024-10-01T12:11:23+00:00","description":"Wir laden Sie zur Kontaktaufnahme und zur Zusammenarbeit ein. Bauen Sie Ihr Gesch\u00e4ft gemeinsam mit Printor Electronic Manufacturing aus. \u00dcber 40 Jahre Erfahrung in der Branche.","breadcrumb":{"@id":"https:\/\/printor.pl\/kontakt\/#breadcrumb"},"inLanguage":"de","potentialAction":[{"@type":"ReadAction","target":["https:\/\/printor.pl\/kontakt\/"]}]},{"@type":"ImageObject","inLanguage":"de","@id":"https:\/\/printor.pl\/kontakt\/#primaryimage","url":"https:\/\/printor.pl\/wp-content\/uploads\/2020\/03\/Master-Kontakt-scaled.jpg","contentUrl":"https:\/\/printor.pl\/wp-content\/uploads\/2020\/03\/Master-Kontakt-scaled.jpg","width":1900,"height":396},{"@type":"BreadcrumbList","@id":"https:\/\/printor.pl\/kontakt\/#breadcrumb","itemListElement":[{"@type":"ListItem","position":1,"name":"Strona g\u0142\u00f3wna","item":"https:\/\/printor.pl\/de\/"},{"@type":"ListItem","position":2,"name":"Kontakt"}]},{"@type":"WebSite","@id":"https:\/\/printor.pl\/#website","url":"https:\/\/printor.pl\/","name":"Printor","description":"","potentialAction":[{"@type":"SearchAction","target":{"@type":"EntryPoint","urlTemplate":"https:\/\/printor.pl\/?s={search_term_string}"},"query-input":{"@type":"PropertyValueSpecification","valueRequired":true,"valueName":"search_term_string"}}],"inLanguage":"de"}]}},"_links":{"self":[{"href":"https:\/\/printor.pl\/de\/wp-json\/wp\/v2\/pages\/9053","targetHints":{"allow":["GET"]}}],"collection":[{"href":"https:\/\/printor.pl\/de\/wp-json\/wp\/v2\/pages"}],"about":[{"href":"https:\/\/printor.pl\/de\/wp-json\/wp\/v2\/types\/page"}],"author":[{"embeddable":true,"href":"https:\/\/printor.pl\/de\/wp-json\/wp\/v2\/users\/2"}],"replies":[{"embeddable":true,"href":"https:\/\/printor.pl\/de\/wp-json\/wp\/v2\/comments?post=9053"}],"version-history":[{"count":9,"href":"https:\/\/printor.pl\/de\/wp-json\/wp\/v2\/pages\/9053\/revisions"}],"predecessor-version":[{"id":11906,"href":"https:\/\/printor.pl\/de\/wp-json\/wp\/v2\/pages\/9053\/revisions\/11906"}],"wp:featuredmedia":[{"embeddable":true,"href":"https:\/\/printor.pl\/de\/wp-json\/wp\/v2\/media\/9055"}],"wp:attachment":[{"href":"https:\/\/printor.pl\/de\/wp-json\/wp\/v2\/media?parent=9053"}],"curies":[{"name":"wp","href":"https:\/\/api.w.org\/{rel}","templated":true}]}}