{"id":4160,"date":"2020-03-20T09:48:10","date_gmt":"2020-03-20T08:48:10","guid":{"rendered":"https:\/\/printor.pl\/?page_id=4160"},"modified":"2024-10-01T14:49:27","modified_gmt":"2024-10-01T12:49:27","slug":"contact","status":"publish","type":"page","link":"https:\/\/printor.pl\/en\/contact\/","title":{"rendered":"Contact"},"content":{"rendered":"\n<div style=\"height:32px\" aria-hidden=\"true\" class=\"wp-block-spacer\"><\/div>\n\n\n\n<div class=\"wp-block-columns is-layout-flex wp-container-core-columns-is-layout-9d6595d7 wp-block-columns-is-layout-flex\">\n<div class=\"wp-block-column is-layout-flow wp-block-column-is-layout-flow\">\n<p><span style=\"color: #000080; font-size: 32px; font-family: Ubuntu;\">Do you have questions? <\/span><\/p>\n<p><span style=\"color: #000080; font-size: 24px; font-family: Ubuntu;\"><span style=\"color: #0000ff;\">Are you interested in cooperation establishment with an electronics supplier, EMS partner?<\/span><\/span><\/p>\n<p><span style=\"font-size: 16px;\"><br><strong>Use the form on the right<\/strong>, leave your e-mail address or telephone number, we will contact you as soon as possible.<\/span><\/p>\n\n\n\n<div style=\"height:34px\" aria-hidden=\"true\" class=\"wp-block-spacer\"><\/div>\n\n\n\n<p>The area of our activity is a <strong>contract production of electronics, <br>including only serial orders<\/strong>. We invite interested companies to contact us.<\/p>\n\n\n\n<div style=\"height:43px\" aria-hidden=\"true\" class=\"wp-block-spacer\"><\/div>\n\n\n\n<table style=\"border-collapse: collapse; width: 100%;\">\n<tbody>\n<tr>\n<td style=\"width: 50%;\">\n<h3>Printor Sp. z o.o.<\/h3>\n<p><strong>Headquarters<\/strong><br \/>Szczeci\u0144ska 59a\u00a0<br \/>91-222 \u0141\u00f3d\u017a<\/p>\n<p><strong>Contact details<\/strong><br \/>Phone 1: +48 42 652 79 44<br \/>Phone 2: +48 42 942 03 06<br \/>FAX: +48 42 652 60 21<\/p>\n<\/td>\n<td style=\"width: 50%;\">Registration data<br \/>NIP (TIN): 947 198 06 46<br \/>REGON: 101324405<br \/>KRS: 0000408800<br \/>Incorporated at the District Court of \u0141\u00f3d\u017a-\u015ar\u00f3dmie\u015bcie in \u0141\u00f3d\u017a, 20th Division of the KRS (National Court Register).<\/td>\n<\/tr>\n<\/tbody>\n<\/table>\n<p>\u00a0<\/p>\n\n\n\n<figure class=\"wp-block-embed-youtube alignleft wp-block-embed is-type-video is-provider-youtube wp-embed-aspect-16-9 wp-has-aspect-ratio\"><div class=\"wp-block-embed__wrapper\">\n<iframe loading=\"lazy\" title=\"Printor Electronic Manufacturing Services | EMS | EN\" width=\"500\" height=\"281\" src=\"https:\/\/www.youtube.com\/embed\/1JcVfAPUoX8?feature=oembed\" frameborder=\"0\" allow=\"accelerometer; autoplay; clipboard-write; encrypted-media; gyroscope; picture-in-picture; web-share\" referrerpolicy=\"strict-origin-when-cross-origin\" allowfullscreen><\/iframe>\n<\/div><\/figure>\n\n\n\n<p><\/p>\n<\/div>\n\n\n\n<div class=\"wp-block-column is-layout-flow wp-block-column-is-layout-flow\">\n<div class=\"wp-block-group has-blue-background-color has-background\"><div class=\"wp-block-group__inner-container is-layout-flow wp-block-group-is-layout-flow\">\n<p style=\"font-size:22px\" class=\"has-text-align-center\"><span style=\"color:#F7F9FB\" class=\"tadv-color\"><strong>Contact us, write to us <\/strong><\/span><\/p>\n<\/div><\/div>\n\n\n\n<div class=\"wp-block-group has-light-gray-background-color has-background\"><div class=\"wp-block-group__inner-container is-layout-flow wp-block-group-is-layout-flow\">\n<div class=\"wpcf7 no-js\" id=\"wpcf7-f9762-o1\" lang=\"pl-PL\" dir=\"ltr\" data-wpcf7-id=\"9762\">\n<div class=\"screen-reader-response\"><p role=\"status\" aria-live=\"polite\" aria-atomic=\"true\"><\/p> <ul><\/ul><\/div>\n<form action=\"\/en\/wp-json\/wp\/v2\/pages\/4160#wpcf7-f9762-o1\" method=\"post\" class=\"wpcf7-form init wpcf7-acceptance-as-validation\" aria-label=\"Formularz kontaktowy\" novalidate=\"novalidate\" data-status=\"init\">\n<fieldset class=\"hidden-fields-container\"><input type=\"hidden\" name=\"_wpcf7\" value=\"9762\" \/><input type=\"hidden\" name=\"_wpcf7_version\" value=\"6.1.2\" \/><input type=\"hidden\" name=\"_wpcf7_locale\" value=\"pl_PL\" \/><input type=\"hidden\" name=\"_wpcf7_unit_tag\" value=\"wpcf7-f9762-o1\" \/><input type=\"hidden\" name=\"_wpcf7_container_post\" value=\"0\" \/><input type=\"hidden\" name=\"_wpcf7_posted_data_hash\" value=\"\" \/><input type=\"hidden\" name=\"_wpcf7cf_hidden_group_fields\" value=\"[]\" \/><input type=\"hidden\" name=\"_wpcf7cf_hidden_groups\" value=\"[]\" \/><input type=\"hidden\" name=\"_wpcf7cf_visible_groups\" value=\"[]\" \/><input type=\"hidden\" name=\"_wpcf7cf_repeaters\" value=\"[]\" \/><input type=\"hidden\" name=\"_wpcf7cf_steps\" value=\"{}\" \/><input type=\"hidden\" name=\"_wpcf7cf_options\" value=\"{&quot;form_id&quot;:9762,&quot;conditions&quot;:[],&quot;settings&quot;:{&quot;animation&quot;:&quot;yes&quot;,&quot;animation_intime&quot;:200,&quot;animation_outtime&quot;:200,&quot;conditions_ui&quot;:&quot;normal&quot;,&quot;notice_dismissed&quot;:false,&quot;notice_dismissed_update-cf7-6.0&quot;:true}}\" \/><input type=\"hidden\" name=\"_wpcf7_recaptcha_response\" value=\"\" \/>\n<\/fieldset>\n<label class=\"field\">\n  <div class=\"field__label\">Select the recipient of your message <\/div>\n  <div class=\"field__field\">\n    <span class=\"wpcf7-form-control-wrap\" data-name=\"your-recipient\"><select class=\"wpcf7-form-control wpcf7-select wpcf7-validates-as-required\" aria-required=\"true\" aria-invalid=\"false\" name=\"your-recipient\"><option value=\"\">&#8212;Prosz\u0119 wybra\u0107 opcj\u0119&#8212;<\/option><option value=\"Sales - asking for cooperation, an offer\">Sales - asking for cooperation, an offer<\/option><option value=\"Customer Service - current cooperation\">Customer Service - current cooperation<\/option><option value=\"Supply\">Supply<\/option><option value=\"Human resources\">Human resources<\/option><option value=\"Marketing\">Marketing<\/option><option value=\"Accountancy\">Accountancy<\/option><option value=\"Administration\">Administration<\/option><\/select><\/span>\n  <\/div>\n<\/label>\n<div class=\"two-fields\">\n<label class=\"field\">\n  <div class=\"field__label\">First Name *<\/div>\n  <div class=\"field__field\">\n    <span class=\"wpcf7-form-control-wrap\" data-name=\"form-fname\"><input size=\"40\" maxlength=\"400\" class=\"wpcf7-form-control wpcf7-text wpcf7-validates-as-required\" aria-required=\"true\" aria-invalid=\"false\" value=\"\" type=\"text\" name=\"form-fname\" \/><\/span>\n  <\/div>\n<\/label>\n<label class=\"field\">\n  <div class=\"field__label\">Last Name *<\/div>\n  <div class=\"field__field\">\n    <span class=\"wpcf7-form-control-wrap\" data-name=\"form-lname\"><input size=\"40\" maxlength=\"400\" class=\"wpcf7-form-control wpcf7-text wpcf7-validates-as-required\" aria-required=\"true\" aria-invalid=\"false\" value=\"\" type=\"text\" name=\"form-lname\" \/><\/span>\n  <\/div>\n<\/label>\n<\/div>\n<label class=\"field\">\n  <div class=\"field__label\">Company name <\/div>\n  <div class=\"field__field\">\n    <span class=\"wpcf7-form-control-wrap\" data-name=\"form-company-name\"><input size=\"40\" maxlength=\"400\" class=\"wpcf7-form-control wpcf7-text\" aria-invalid=\"false\" value=\"\" type=\"text\" name=\"form-company-name\" \/><\/span>\n  <\/div>\n<\/label>\n<label class=\"field\">\n  <div class=\"field__label\">Phone number <\/div>\n  <div class=\"field__field\">\n    <span class=\"wpcf7-form-control-wrap\" data-name=\"form-phone\"><input size=\"40\" maxlength=\"400\" class=\"wpcf7-form-control wpcf7-text\" aria-invalid=\"false\" value=\"\" type=\"text\" name=\"form-phone\" \/><\/span>\n  <\/div>\n<\/label>\n<label class=\"field\">\n  <div class=\"field__label\">E-mail adress *<\/div>\n  <div class=\"field__field\">\n    <span class=\"wpcf7-form-control-wrap\" data-name=\"form-mail\"><input size=\"40\" maxlength=\"400\" class=\"wpcf7-form-control wpcf7-text wpcf7-validates-as-required\" aria-required=\"true\" aria-invalid=\"false\" value=\"\" type=\"text\" name=\"form-mail\" \/><\/span>\n  <\/div>\n<\/label>\n<label class=\"field\">\n  <div class=\"field__label\">Message Subject <\/div>\n  <div class=\"field__field\">\n    <span class=\"wpcf7-form-control-wrap\" data-name=\"temat\"><input size=\"40\" maxlength=\"400\" class=\"wpcf7-form-control wpcf7-text\" aria-invalid=\"false\" value=\"\" type=\"text\" name=\"temat\" \/><\/span>\n  <\/div>\n<\/label>\n<label class=\"field\">\n  <div class=\"field__label\">Describe what you need <\/div>\n  <div class=\"field__field\">\n    <span class=\"wpcf7-form-control-wrap\" data-name=\"form-message\"><textarea cols=\"40\" rows=\"10\" maxlength=\"2000\" class=\"wpcf7-form-control wpcf7-textarea\" aria-invalid=\"false\" name=\"form-message\"><\/textarea><\/span>\n  <\/div>\n<\/label>\n\n<div class=\"file-upload-box\">\n  <div class=\"file-upload-box__title\">Attach files<\/div>\n  <div class=\"file-upload-box__text\"><center><b>Note!<\/b> The maximum file size is 6MB<\/center><br \/><\/div>\n    <span class=\"wpcf7-form-control-wrap\" data-name=\"upload-file-839\"><input size=\"40\" class=\"wpcf7-form-control wpcf7-drag-n-drop-file d-none\" aria-invalid=\"false\" type=\"file\" multiple=\"multiple\" data-name=\"upload-file-839\" data-limit=\"6000000\" data-max=\"3\" data-id=\"9762\" data-version=\"free version 1.3.9.1\" accept=\".\" \/><\/span>\n<\/div>\n\n<div class=\"form-info\">Data Administrator is Printor Sp. z o.o.<\/div>\n<div class=\"form-checkboxes\">\n<div class=\"checkbox-wrapper\">\n<span class=\"wpcf7-form-control-wrap\" data-name=\"acceptance-77\"><span class=\"wpcf7-form-control wpcf7-acceptance\"><span class=\"wpcf7-list-item\"><label><input type=\"checkbox\" name=\"acceptance-77\" value=\"1\" aria-invalid=\"false\" \/><span class=\"wpcf7-list-item-label\"><strong>Your consent for personal data processing.<\/strong><span class=\"agreed-dots\">...<\/span> <button class=\"agreed-show-more\">Wi\u0119cej<\/button> <span class=\"agreed-more\">I agree to have my personal data processed pursuant to the applicable regulations of law and as required to submit my inquiry with this Contact Form. I understand that the submission of my personal data is voluntary and required to have my inquiry processed. My personal data will be processed until I revoke this consent or for a period required to ascertain, pursue or defend claims. I have been advised that I have the right to access my personal data at any time, to rectify, move, request deletion or restrict my personal data, or to object to further processing of my personal data (if the processing is justified by legitimate interests of the Personal Data Controller), or to revoke my consent for processing of my personal data.<\/span><\/span><\/label><\/span><\/span><\/span>\n<\/div>\n<div class=\"checkbox-wrapper\">\n<span class=\"wpcf7-form-control-wrap\" data-name=\"acceptance-78\"><span class=\"wpcf7-form-control wpcf7-acceptance\"><span class=\"wpcf7-list-item\"><label><input type=\"checkbox\" name=\"acceptance-78\" value=\"1\" aria-invalid=\"false\" \/><span class=\"wpcf7-list-item-label\"><strong>Your consent for marketing information transmission.<\/strong><span class=\"agreed-dots\">...<\/span> <button class=\"agreed-show-more\">Wi\u0119cej<\/button> <span class=\"agreed-more\">I agree to have my personal data processed pursuant to applicable regulations of law and as required for me to receive marketing information. I understand that the submission of my personal data is voluntary. My personal data will be processed until I revoke this consent or for a period required to ascertain, pursue or defend claims. I have been advised that I have the right to access my personal data at any time, to rectify, move, request deletion or restrict my personal data, or to object to further processing of my personal data (if the processing is justified by legitimate interests of the Personal Data Controller), or to revoke my consent for processing of my personal data.<\/span><\/span><\/label><\/span><\/span><\/span>\n<\/div>\n<\/div>\n<span id=\"wpcf7-69da263ebf7cc-wrapper\" class=\"wpcf7-form-control-wrap honeypot-352-wrap\" style=\"display:none !important; visibility:hidden !important;\"><label for=\"wpcf7-69da263ebf7cc-field\" class=\"hp-message\">Please leave this field empty.<\/label><input id=\"wpcf7-69da263ebf7cc-field\"  class=\"wpcf7-form-control wpcf7-text\" type=\"text\" name=\"honeypot-352\" value=\"\" size=\"40\" tabindex=\"-1\" autocomplete=\"new-password\" \/><\/span>\n<div class=\"text-right\">\n  <button class=\"btn btn--orange wpcf7-form-control wpcf7-submit\">\n    <span class=\"bg\"><\/span>\n    <span class=\"btn__cta\">Send<\/span>\n  <\/button>\n<\/div><div class=\"wpcf7-response-output\" aria-hidden=\"true\"><\/div>\n<\/form>\n<\/div>\n\n<\/div><\/div>\n<\/div>\n<\/div>\n\n\n\n<div class=\"wp-block-group has-blue-background-color has-background editorskit-no-desktop editorskit-no-tablet editorskit-no-mobile\"><div class=\"wp-block-group__inner-container is-layout-flow wp-block-group-is-layout-flow\">\n<h2 class=\"has-text-align-center wp-block-heading\"><span style=\"color:#F7F9FB\" class=\"tadv-color\">Terms of Sale<\/span><\/h2>\n\n\n\n<p class=\"has-text-align-center\"><span style=\"color:#F7F9FB\" class=\"tadv-color\">We encourage you to read the terms of sale<\/span><\/p>\n\n\n\n<p><\/p>\n\n\n\n<p><\/p>\n\n\n\n<div class=\"wp-block-file aligncenter\"><a href=\"https:\/\/printor.pl\/wp-content\/uploads\/2020\/03\/Printor_warunki_sprzedazy.pdf\"><span style=\"color:#F7F9FB\" class=\"tadv-color\"><strong>See Terms of Sale<\/strong> or<\/span><\/a><a href=\"https:\/\/printor.pl\/wp-content\/uploads\/2020\/03\/Printor_warunki_sprzedazy.pdf\" class=\"wp-block-file__button\" download>Download<\/a><\/div>\n<\/div><\/div>\n\n\n\n<div class=\"wp-block-group\"><div class=\"wp-block-group__inner-container is-layout-flow wp-block-group-is-layout-flow\">  <div class=\"sell-wrapper\">\n    <div class=\"container sell-contact\">\n      <div class=\"sell-contact__text text\">\n        <p><span style=\"font-size: 24px; font-family: Ubuntu; color: #003aa7;\"><strong>Are you looking for an EMS Partner? <\/strong>We invite you to contact us directly.<\/span><\/p>\n<p>We are happy to talk about your needs. Our experts are at your disposal.<\/p>\n      <\/div>\n              <div class=\"sell-contact__person\">\n          <div class=\"sell-contact__photo\">\n            <img loading=\"lazy\" decoding=\"async\" width=\"400\" height=\"600\" src=\"https:\/\/printor.pl\/wp-content\/uploads\/2024\/08\/Katarzyna_Clapa.jpg\" class=\"attachment-square size-square\" alt=\"\" srcset=\"https:\/\/printor.pl\/wp-content\/uploads\/2024\/08\/Katarzyna_Clapa.jpg 400w, https:\/\/printor.pl\/wp-content\/uploads\/2024\/08\/Katarzyna_Clapa-200x300.jpg 200w\" sizes=\"auto, (max-width: 400px) 100vw, 400px\" \/>                          <a href=\"https:\/\/www.linkedin.com\/in\/katarzyna-clapa\/\" rel=\"nofollow noopener\" target=\"_blank\" class=\"sell-contact__linkedin\"><img decoding=\"async\" src=\"https:\/\/printor.pl\/wp-content\/themes\/printor\/assets\/images\/linkedin2.svg\" alt=\"Linkedin\" \/><\/a>\n                      <\/div>\n          <div class=\"sell-contact__info\">\n            <div class=\"sell-contact__name\">Katarzyna C\u0142apa<\/div>\n            <div class=\"sell-contact__person-text\"><p>Sales Specialist<br \/>\n+48 669 668 041<br \/>\n<span style=\"font-size: 14px;\"><strong>Do you prefer to send a message<\/strong>? Contact us via the available form.<\/span><\/p>\n<\/div>\n          <\/div>\n        <\/div>\n\n              <div class=\"sell-contact__person\">\n          <div class=\"sell-contact__photo\">\n            <img loading=\"lazy\" decoding=\"async\" width=\"400\" height=\"600\" src=\"https:\/\/printor.pl\/wp-content\/uploads\/2024\/08\/Agnieszka-Jobda.jpg\" class=\"attachment-square size-square\" alt=\"\" srcset=\"https:\/\/printor.pl\/wp-content\/uploads\/2024\/08\/Agnieszka-Jobda.jpg 400w, https:\/\/printor.pl\/wp-content\/uploads\/2024\/08\/Agnieszka-Jobda-200x300.jpg 200w\" sizes=\"auto, (max-width: 400px) 100vw, 400px\" \/>                          <a href=\"https:\/\/www.linkedin.com\/in\/agnieszka-jobda-21289818b\/\" rel=\"nofollow noopener\" target=\"_blank\" class=\"sell-contact__linkedin\"><img decoding=\"async\" src=\"https:\/\/printor.pl\/wp-content\/themes\/printor\/assets\/images\/linkedin2.svg\" alt=\"Linkedin\" \/><\/a>\n                      <\/div>\n          <div class=\"sell-contact__info\">\n            <div class=\"sell-contact__name\">Agnieszka Jobda<\/div>\n            <div class=\"sell-contact__person-text\"><p>Senior Sales Specialist<br \/>\n+48 603 163 394<br \/>\n<span style=\"font-size: 14px;\"><strong>Do you prefer to send a message<\/strong>? Contact us via the available form.<\/span><\/p>\n<\/div>\n          <\/div>\n        <\/div>\n\n          <\/div>\n  <\/div>\n<\/div><\/div>\n\n\n\n<div class=\"wp-block-group\"><div class=\"wp-block-group__inner-container is-layout-flow wp-block-group-is-layout-flow\">\n<h2 class=\"wp-block-heading\">Files to download &#8211; necessary in the process of submitting requests<\/h2>\n\n\n\n<div class=\"wp-block-columns is-layout-flex wp-container-core-columns-is-layout-9d6595d7 wp-block-columns-is-layout-flex\">\n<div class=\"wp-block-column is-layout-flow wp-block-column-is-layout-flow\" style=\"flex-basis:67%\">\n<p><img loading=\"lazy\" decoding=\"async\" class=\"size-full wp-image-3485 alignleft\" src=\"https:\/\/printor.pl\/wp-content\/uploads\/2020\/03\/do_pobrania.png\" alt=\"\" width=\"68\" height=\"77\" \/> <span style=\"font-size: inherit;\"><br \/><strong><a href=\"https:\/\/printor.pl\/wp-content\/uploads\/2020\/09\/BOM_Printor_en.xls\">BOM EN sheet <\/a>&#8211; <\/strong>a list of all elements used in assembly<br \/><br \/><br \/><br \/><\/span><\/p>\n\n\n\n<p><img loading=\"lazy\" decoding=\"async\" class=\"size-full wp-image-3485 alignleft\" src=\"https:\/\/printor.pl\/wp-content\/uploads\/2020\/03\/do_pobrania.png\" alt=\"\" width=\"68\" height=\"77\"> <span style=\"font-size: inherit;\"><br><strong><a href=\"https:\/\/printor.pl\/wp-content\/uploads\/2022\/09\/Printor_terms-of-sale.pdf\" target=\"_blank\" rel=\"noopener noreferrer\">See the general conditions of sale<\/a><br><br><br><br><\/strong><\/span><\/p>\n<\/div>\n\n\n\n<div class=\"wp-block-column is-layout-flow wp-block-column-is-layout-flow\" style=\"flex-basis:33%\">\n<figure class=\"wp-block-image size-large\"><img loading=\"lazy\" decoding=\"async\" width=\"300\" height=\"300\" src=\"https:\/\/printor.pl\/wp-content\/uploads\/2020\/03\/Printor_pliki_do_pobrania-1.jpeg\" alt=\"\" class=\"wp-image-3559\" srcset=\"https:\/\/printor.pl\/wp-content\/uploads\/2020\/03\/Printor_pliki_do_pobrania-1.jpeg 300w, https:\/\/printor.pl\/wp-content\/uploads\/2020\/03\/Printor_pliki_do_pobrania-1-150x150.jpeg 150w\" sizes=\"auto, (max-width: 300px) 100vw, 300px\" \/><\/figure>\n<\/div>\n<\/div>\n<\/div><\/div>\n\n\n\n<p><\/p>\n","protected":false},"excerpt":{"rendered":"<p>Do you have questions? Are you interested in cooperation establishment with an electronics supplier, EMS partner? Use the form on [&hellip;]<\/p>\n","protected":false},"author":3,"featured_media":2500,"parent":0,"menu_order":0,"comment_status":"closed","ping_status":"closed","template":"","meta":{"inline_featured_image":false,"footnotes":""},"class_list":["post-4160","page","type-page","status-publish","has-post-thumbnail","hentry"],"yoast_head":"<!-- This site is optimized with the Yoast SEO plugin v26.3 - https:\/\/yoast.com\/wordpress\/plugins\/seo\/ -->\n<title>Contact - Printor<\/title>\n<meta name=\"robots\" content=\"index, follow, max-snippet:-1, max-image-preview:large, max-video-preview:-1\" \/>\n<link rel=\"canonical\" href=\"https:\/\/printor.pl\/kontakt\/\" \/>\n<meta property=\"og:locale\" content=\"en_US\" \/>\n<meta property=\"og:type\" content=\"article\" \/>\n<meta property=\"og:title\" content=\"Contact - Printor\" \/>\n<meta property=\"og:description\" content=\"Do you have questions? Are you interested in cooperation establishment with an electronics supplier, EMS partner? Use the form on [&hellip;]\" \/>\n<meta property=\"og:url\" content=\"https:\/\/printor.pl\/kontakt\/\" \/>\n<meta property=\"og:site_name\" content=\"Printor\" \/>\n<meta property=\"article:modified_time\" content=\"2024-10-01T12:49:27+00:00\" \/>\n<meta property=\"og:image\" content=\"https:\/\/printor.pl\/wp-content\/uploads\/2020\/03\/Master-Kontakt.jpg\" \/>\n\t<meta property=\"og:image:width\" content=\"1900\" \/>\n\t<meta property=\"og:image:height\" content=\"396\" \/>\n\t<meta property=\"og:image:type\" content=\"image\/jpeg\" \/>\n<meta name=\"twitter:card\" content=\"summary_large_image\" \/>\n<meta name=\"twitter:label1\" content=\"Est. reading time\" \/>\n\t<meta name=\"twitter:data1\" content=\"1 minute\" \/>\n<script type=\"application\/ld+json\" class=\"yoast-schema-graph\">{\"@context\":\"https:\/\/schema.org\",\"@graph\":[{\"@type\":\"WebPage\",\"@id\":\"https:\/\/printor.pl\/kontakt\/\",\"url\":\"https:\/\/printor.pl\/kontakt\/\",\"name\":\"Contact - Printor\",\"isPartOf\":{\"@id\":\"https:\/\/printor.pl\/#website\"},\"primaryImageOfPage\":{\"@id\":\"https:\/\/printor.pl\/kontakt\/#primaryimage\"},\"image\":{\"@id\":\"https:\/\/printor.pl\/kontakt\/#primaryimage\"},\"thumbnailUrl\":\"https:\/\/printor.pl\/wp-content\/uploads\/2020\/03\/Master-Kontakt.jpg\",\"datePublished\":\"2020-03-20T08:48:10+00:00\",\"dateModified\":\"2024-10-01T12:49:27+00:00\",\"breadcrumb\":{\"@id\":\"https:\/\/printor.pl\/kontakt\/#breadcrumb\"},\"inLanguage\":\"en-US\",\"potentialAction\":[{\"@type\":\"ReadAction\",\"target\":[\"https:\/\/printor.pl\/kontakt\/\"]}]},{\"@type\":\"ImageObject\",\"inLanguage\":\"en-US\",\"@id\":\"https:\/\/printor.pl\/kontakt\/#primaryimage\",\"url\":\"https:\/\/printor.pl\/wp-content\/uploads\/2020\/03\/Master-Kontakt.jpg\",\"contentUrl\":\"https:\/\/printor.pl\/wp-content\/uploads\/2020\/03\/Master-Kontakt.jpg\",\"width\":1900,\"height\":396},{\"@type\":\"BreadcrumbList\",\"@id\":\"https:\/\/printor.pl\/kontakt\/#breadcrumb\",\"itemListElement\":[{\"@type\":\"ListItem\",\"position\":1,\"name\":\"Strona g\u0142\u00f3wna\",\"item\":\"https:\/\/printor.pl\/en\/\"},{\"@type\":\"ListItem\",\"position\":2,\"name\":\"Contact\"}]},{\"@type\":\"WebSite\",\"@id\":\"https:\/\/printor.pl\/#website\",\"url\":\"https:\/\/printor.pl\/\",\"name\":\"Printor\",\"description\":\"\",\"potentialAction\":[{\"@type\":\"SearchAction\",\"target\":{\"@type\":\"EntryPoint\",\"urlTemplate\":\"https:\/\/printor.pl\/?s={search_term_string}\"},\"query-input\":{\"@type\":\"PropertyValueSpecification\",\"valueRequired\":true,\"valueName\":\"search_term_string\"}}],\"inLanguage\":\"en-US\"}]}<\/script>\n<!-- \/ Yoast SEO plugin. -->","yoast_head_json":{"title":"Contact - Printor","robots":{"index":"index","follow":"follow","max-snippet":"max-snippet:-1","max-image-preview":"max-image-preview:large","max-video-preview":"max-video-preview:-1"},"canonical":"https:\/\/printor.pl\/kontakt\/","og_locale":"en_US","og_type":"article","og_title":"Contact - Printor","og_description":"Do you have questions? Are you interested in cooperation establishment with an electronics supplier, EMS partner? Use the form on [&hellip;]","og_url":"https:\/\/printor.pl\/kontakt\/","og_site_name":"Printor","article_modified_time":"2024-10-01T12:49:27+00:00","og_image":[{"width":1900,"height":396,"url":"https:\/\/printor.pl\/wp-content\/uploads\/2020\/03\/Master-Kontakt.jpg","type":"image\/jpeg"}],"twitter_card":"summary_large_image","twitter_misc":{"Est. reading time":"1 minute"},"schema":{"@context":"https:\/\/schema.org","@graph":[{"@type":"WebPage","@id":"https:\/\/printor.pl\/kontakt\/","url":"https:\/\/printor.pl\/kontakt\/","name":"Contact - Printor","isPartOf":{"@id":"https:\/\/printor.pl\/#website"},"primaryImageOfPage":{"@id":"https:\/\/printor.pl\/kontakt\/#primaryimage"},"image":{"@id":"https:\/\/printor.pl\/kontakt\/#primaryimage"},"thumbnailUrl":"https:\/\/printor.pl\/wp-content\/uploads\/2020\/03\/Master-Kontakt.jpg","datePublished":"2020-03-20T08:48:10+00:00","dateModified":"2024-10-01T12:49:27+00:00","breadcrumb":{"@id":"https:\/\/printor.pl\/kontakt\/#breadcrumb"},"inLanguage":"en-US","potentialAction":[{"@type":"ReadAction","target":["https:\/\/printor.pl\/kontakt\/"]}]},{"@type":"ImageObject","inLanguage":"en-US","@id":"https:\/\/printor.pl\/kontakt\/#primaryimage","url":"https:\/\/printor.pl\/wp-content\/uploads\/2020\/03\/Master-Kontakt.jpg","contentUrl":"https:\/\/printor.pl\/wp-content\/uploads\/2020\/03\/Master-Kontakt.jpg","width":1900,"height":396},{"@type":"BreadcrumbList","@id":"https:\/\/printor.pl\/kontakt\/#breadcrumb","itemListElement":[{"@type":"ListItem","position":1,"name":"Strona g\u0142\u00f3wna","item":"https:\/\/printor.pl\/en\/"},{"@type":"ListItem","position":2,"name":"Contact"}]},{"@type":"WebSite","@id":"https:\/\/printor.pl\/#website","url":"https:\/\/printor.pl\/","name":"Printor","description":"","potentialAction":[{"@type":"SearchAction","target":{"@type":"EntryPoint","urlTemplate":"https:\/\/printor.pl\/?s={search_term_string}"},"query-input":{"@type":"PropertyValueSpecification","valueRequired":true,"valueName":"search_term_string"}}],"inLanguage":"en-US"}]}},"_links":{"self":[{"href":"https:\/\/printor.pl\/en\/wp-json\/wp\/v2\/pages\/4160","targetHints":{"allow":["GET"]}}],"collection":[{"href":"https:\/\/printor.pl\/en\/wp-json\/wp\/v2\/pages"}],"about":[{"href":"https:\/\/printor.pl\/en\/wp-json\/wp\/v2\/types\/page"}],"author":[{"embeddable":true,"href":"https:\/\/printor.pl\/en\/wp-json\/wp\/v2\/users\/3"}],"replies":[{"embeddable":true,"href":"https:\/\/printor.pl\/en\/wp-json\/wp\/v2\/comments?post=4160"}],"version-history":[{"count":51,"href":"https:\/\/printor.pl\/en\/wp-json\/wp\/v2\/pages\/4160\/revisions"}],"predecessor-version":[{"id":11914,"href":"https:\/\/printor.pl\/en\/wp-json\/wp\/v2\/pages\/4160\/revisions\/11914"}],"wp:featuredmedia":[{"embeddable":true,"href":"https:\/\/printor.pl\/en\/wp-json\/wp\/v2\/media\/2500"}],"wp:attachment":[{"href":"https:\/\/printor.pl\/en\/wp-json\/wp\/v2\/media?parent=4160"}],"curies":[{"name":"wp","href":"https:\/\/api.w.org\/{rel}","templated":true}]}}