{"id":4462,"date":"2020-01-30T12:04:36","date_gmt":"2020-01-30T11:04:36","guid":{"rendered":"https:\/\/printor.pl\/zapytanie-ofertowe\/"},"modified":"2025-10-31T09:53:32","modified_gmt":"2025-10-31T08:53:32","slug":"request","status":"publish","type":"page","link":"https:\/\/printor.pl\/en\/request\/","title":{"rendered":"RFQ forms"},"content":{"rendered":"\n<div class=\"wp-block-group\"><div class=\"wp-block-group__inner-container is-layout-flow wp-block-group-is-layout-flow\">\n<h3 class=\"wp-block-heading\">Use one of the below form to send the inquiry:<\/h3>\n\n\n\n<p>The area of our activity is a <strong>contract production of electronics, including only serial orders<\/strong>. <br>We invite interested companies to contact us. We have 40 years of experience in the production of electronics for many industries.<\/p>\n<\/div><\/div>\n\n\n\n<div class=\"inquiry\">\n  <div class=\"inquiry__general\"><\/div>\n  <div class=\"inquiry__detailed\"><\/div>\n  <div class=\"container inquiry__content\">\n    <div class=\"inquiry__text-1 tick-list\">\n      <p><span style=\"color: #ffffff;\"><strong><span style=\"font-size: 24px;\">General Request<\/span><\/strong><\/span><\/p>\n<ul>\n<li>if this is your first contact<\/li>\n<li>if you don&#8217;t know what information you need to place an order<\/li>\n<li>you have additional questions<\/li>\n<\/ul>\n      <div class=\"pt15\">\n          <a href=\"\/en\/request\/detailed-order-form\/\" class=\"btn btn--orange\"  >\r\n    <span class=\"bg\"><\/span>\r\n    <span class=\"btn__cta\">Go to the form<\/span>\r\n  <\/a>\r\n        <\/div>\n    <\/div>\n    <div class=\"inquiry__text-2\">\n      <div class=\"tick-list tick-list--blue\">\n        <p><span style=\"color: #003aa7;\"><strong><span style=\"font-size: 24px;\">Detailed order form<\/span><\/strong><\/span><\/p>\n<ul>\n<li>if you have all the data ready<\/li>\n<li>if this is your next order<\/li>\n<\/ul>\n      <\/div>\n      <hr \/>\n      <p>Prepare the following data:<\/p>\n<ul>\n<li>Technical details of the project<\/li>\n<li>Additional requirements<\/li>\n<li>Additional files<\/li>\n<\/ul>\n<p>We recommend files to download &#8211; necessary in the process of submitting requests<\/p>\n<p><a href=\"https:\/\/printor.pl\/en\/files-to-download\"><strong>Files to download<\/strong><\/a><\/p>\n\n        <a href=\"\/en\/request\/detailed-order-form\/\" class=\"btn btn--blue-border\"  >\r\n    <span class=\"bg\"><\/span>\r\n    <span class=\"btn__cta\">Detailed form<\/span>\r\n  <\/a>\r\n      <\/div>\n  <\/div>\n<\/div>\n\n\n\n<div id=\"form\" class=\"wp-block-group\"><div class=\"wp-block-group__inner-container is-layout-flow wp-block-group-is-layout-flow\">\n<div class=\"form-wrapper\">\n  <p><span style=\"font-size: 24px;\"><strong>Write to us and we will call you back in 48 hours<\/strong><\/span><\/p>\n  \n<div class=\"wpcf7 no-js\" id=\"wpcf7-f4712-o1\" lang=\"pl-PL\" dir=\"ltr\" data-wpcf7-id=\"4712\">\n<div class=\"screen-reader-response\"><p role=\"status\" aria-live=\"polite\" aria-atomic=\"true\"><\/p> <ul><\/ul><\/div>\n<form action=\"\/en\/wp-json\/wp\/v2\/pages\/4462#wpcf7-f4712-o1\" method=\"post\" class=\"wpcf7-form init wpcf7-acceptance-as-validation\" aria-label=\"Formularz kontaktowy\" novalidate=\"novalidate\" data-status=\"init\">\n<fieldset class=\"hidden-fields-container\"><input type=\"hidden\" name=\"_wpcf7\" value=\"4712\" \/><input type=\"hidden\" name=\"_wpcf7_version\" value=\"6.1.2\" \/><input type=\"hidden\" name=\"_wpcf7_locale\" value=\"pl_PL\" \/><input type=\"hidden\" name=\"_wpcf7_unit_tag\" value=\"wpcf7-f4712-o1\" \/><input type=\"hidden\" name=\"_wpcf7_container_post\" value=\"0\" \/><input type=\"hidden\" name=\"_wpcf7_posted_data_hash\" value=\"\" \/><input type=\"hidden\" name=\"_wpcf7cf_hidden_group_fields\" value=\"[]\" \/><input type=\"hidden\" name=\"_wpcf7cf_hidden_groups\" value=\"[]\" \/><input type=\"hidden\" name=\"_wpcf7cf_visible_groups\" value=\"[]\" \/><input type=\"hidden\" name=\"_wpcf7cf_repeaters\" value=\"[]\" \/><input type=\"hidden\" name=\"_wpcf7cf_steps\" value=\"{}\" \/><input type=\"hidden\" name=\"_wpcf7cf_options\" value=\"{&quot;form_id&quot;:4712,&quot;conditions&quot;:[],&quot;settings&quot;:{&quot;animation&quot;:&quot;yes&quot;,&quot;animation_intime&quot;:200,&quot;animation_outtime&quot;:200,&quot;conditions_ui&quot;:&quot;normal&quot;,&quot;notice_dismissed&quot;:false,&quot;notice_dismissed_update-cf7-6.0&quot;:true}}\" \/><input type=\"hidden\" name=\"_wpcf7_recaptcha_response\" value=\"\" \/>\n<\/fieldset>\n<div class=\"two-fields\">\n<label class=\"field\">\n  <div class=\"field__label\">First Name *<\/div>\n  <div class=\"field__field\">\n    <span class=\"wpcf7-form-control-wrap\" data-name=\"form-fname\"><input size=\"40\" maxlength=\"400\" class=\"wpcf7-form-control wpcf7-text wpcf7-validates-as-required\" aria-required=\"true\" aria-invalid=\"false\" value=\"\" type=\"text\" name=\"form-fname\" \/><\/span>\n  <\/div>\n<\/label>\n<label class=\"field\">\n  <div class=\"field__label\">Last Name *<\/div>\n  <div class=\"field__field\">\n    <span class=\"wpcf7-form-control-wrap\" data-name=\"form-lname\"><input size=\"40\" maxlength=\"400\" class=\"wpcf7-form-control wpcf7-text wpcf7-validates-as-required\" aria-required=\"true\" aria-invalid=\"false\" value=\"\" type=\"text\" name=\"form-lname\" \/><\/span>\n  <\/div>\n<\/label>\n<\/div>\n<label class=\"field\">\n  <div class=\"field__label\">Company name <\/div>\n  <div class=\"field__field\">\n    <span class=\"wpcf7-form-control-wrap\" data-name=\"form-company-name\"><input size=\"40\" maxlength=\"400\" class=\"wpcf7-form-control wpcf7-text\" aria-invalid=\"false\" value=\"\" type=\"text\" name=\"form-company-name\" \/><\/span>\n  <\/div>\n<\/label>\n<label class=\"field\">\n  <div class=\"field__label\">Phone number <\/div>\n  <div class=\"field__field\">\n    <span class=\"wpcf7-form-control-wrap\" data-name=\"form-phone\"><input size=\"40\" maxlength=\"400\" class=\"wpcf7-form-control wpcf7-text\" aria-invalid=\"false\" value=\"\" type=\"text\" name=\"form-phone\" \/><\/span>\n  <\/div>\n<\/label>\n<label class=\"field\">\n  <div class=\"field__label\">E-mail adress *<\/div>\n  <div class=\"field__field\">\n    <span class=\"wpcf7-form-control-wrap\" data-name=\"form-mail\"><input size=\"40\" maxlength=\"400\" class=\"wpcf7-form-control wpcf7-text wpcf7-validates-as-required\" aria-required=\"true\" aria-invalid=\"false\" value=\"\" type=\"text\" name=\"form-mail\" \/><\/span>\n  <\/div>\n<\/label>\n<label class=\"field\">\n  <div class=\"field__label\">Message Subject <\/div>\n  <div class=\"field__field\">\n    <span class=\"wpcf7-form-control-wrap\" data-name=\"form-topic\"><select class=\"wpcf7-form-control wpcf7-select\" aria-invalid=\"false\" name=\"form-topic\"><option value=\"- select -\">&#8211; select &#8211;<\/option><option value=\"I am asking for contact\">I am asking for contact<\/option><option value=\"I am asking for meeting\">I am asking for meeting<\/option><option value=\"I am asking for an offer - contract manufacturing of electronics\">I am asking for an offer &#8211; contract manufacturing of electronics<\/option><option value=\"I am asking for contact - electronics design with serial production\">I am asking for contact &#8211; electronics design with serial production<\/option><\/select><\/span>\n  <\/div>\n<\/label>\n<label class=\"field\">\n  <div class=\"field__label\">Describe what you need <\/div>\n  <div class=\"field__field\">\n    <span class=\"wpcf7-form-control-wrap\" data-name=\"form-message\"><textarea cols=\"40\" rows=\"10\" maxlength=\"2000\" class=\"wpcf7-form-control wpcf7-textarea\" aria-invalid=\"false\" name=\"form-message\"><\/textarea><\/span>\n  <\/div>\n<\/label>\n<div class=\"form-info\">Data Administrator is Printor Sp. z o.o.<\/div>\n<div class=\"form-checkboxes\">\n<div class=\"checkbox-wrapper\">\n<span class=\"wpcf7-form-control-wrap\" data-name=\"acceptance-77\"><span class=\"wpcf7-form-control wpcf7-acceptance\"><span class=\"wpcf7-list-item\"><label><input type=\"checkbox\" name=\"acceptance-77\" value=\"1\" aria-invalid=\"false\" \/><span class=\"wpcf7-list-item-label\"><strong>Your consent for personal data processing.<\/strong><span class=\"agreed-dots\">&#8230;<\/span> <button class=\"agreed-show-more\">Wi\u0119cej<\/button> <span class=\"agreed-more\">I agree to have my personal data processed pursuant to the applicable regulations of law and as required to submit my inquiry with this Contact Form. I understand that the submission of my personal data is voluntary and required to have my inquiry processed. My personal data will be processed until I revoke this consent or for a period required to ascertain, pursue or defend claims. I have been advised that I have the right to access my personal data at any time, to rectify, move, request deletion or restrict my personal data, or to object to further processing of my personal data (if the processing is justified by legitimate interests of the Personal Data Controller), or to revoke my consent for processing of my personal data.<\/span><\/span><\/label><\/span><\/span><\/span>\n<\/div>\n<div class=\"checkbox-wrapper\">\n<span class=\"wpcf7-form-control-wrap\" data-name=\"acceptance-78\"><span class=\"wpcf7-form-control wpcf7-acceptance\"><span class=\"wpcf7-list-item\"><label><input type=\"checkbox\" name=\"acceptance-78\" value=\"1\" aria-invalid=\"false\" \/><span class=\"wpcf7-list-item-label\"><strong>Your consent for marketing information transmission.<\/strong><span class=\"agreed-dots\">&#8230;<\/span> <button class=\"agreed-show-more\">Wi\u0119cej<\/button> <span class=\"agreed-more\">I agree to have my personal data processed pursuant to applicable regulations of law and as required for me to receive marketing information. I understand that the submission of my personal data is voluntary. My personal data will be processed until I revoke this consent or for a period required to ascertain, pursue or defend claims. I have been advised that I have the right to access my personal data at any time, to rectify, move, request deletion or restrict my personal data, or to object to further processing of my personal data (if the processing is justified by legitimate interests of the Personal Data Controller), or to revoke my consent for processing of my personal data.<\/span><\/span><\/label><\/span><\/span><\/span>\n<\/div>\n<\/div>\n<span id=\"wpcf7-69e764491450f-wrapper\" class=\"wpcf7-form-control-wrap honeypot-352-wrap\" style=\"display:none !important; visibility:hidden !important;\"><label for=\"wpcf7-69e764491450f-field\" class=\"hp-message\">Please leave this field empty.<\/label><input id=\"wpcf7-69e764491450f-field\"  class=\"wpcf7-form-control wpcf7-text\" type=\"text\" name=\"honeypot-352\" value=\"\" size=\"40\" tabindex=\"-1\" autocomplete=\"new-password\" \/><\/span>\n<div class=\"text-right\">\n  <button class=\"btn btn--orange wpcf7-form-control wpcf7-submit\">\n    <span class=\"bg\"><\/span>\n    <span class=\"btn__cta\">Send<\/span>\n  <\/button>\n<\/div><div class=\"wpcf7-response-output\" aria-hidden=\"true\"><\/div>\n<\/form>\n<\/div>\n<\/div>\n<\/div><\/div>\n\n\n\n<div class=\"wp-block-group\"><div class=\"wp-block-group__inner-container is-layout-flow wp-block-group-is-layout-flow\">\n<h2 class=\"wp-block-heading\">Files to download &#8211; necessary in the process of submitting requests<\/h2>\n\n\n\n<div class=\"wp-block-columns is-layout-flex wp-container-core-columns-is-layout-9d6595d7 wp-block-columns-is-layout-flex\">\n<div class=\"wp-block-column is-layout-flow wp-block-column-is-layout-flow\" style=\"flex-basis:67%\">\n<p><img loading=\"lazy\" decoding=\"async\" class=\"size-full wp-image-3485 alignleft\" src=\"https:\/\/printor.pl\/wp-content\/uploads\/2020\/03\/do_pobrania.png\" alt=\"\" width=\"68\" height=\"77\" \/> <span style=\"font-size: inherit;\"><br \/><strong><a href=\"https:\/\/printor.pl\/wp-content\/uploads\/2020\/09\/BOM_Printor_en.xls\">BOM EN sheet <\/a>&#8211; <\/strong>a list of all elements used in assembly<br \/><br \/><br \/><br \/><\/span><\/p>\n\n\n\n<p><img loading=\"lazy\" decoding=\"async\" class=\"size-full wp-image-3485 alignleft\" src=\"https:\/\/printor.pl\/wp-content\/uploads\/2020\/03\/do_pobrania.png\" alt=\"\" width=\"68\" height=\"77\"> <span style=\"font-size: inherit;\"><br><strong><a href=\"https:\/\/printor.pl\/wp-content\/uploads\/2022\/09\/Printor_terms-of-sale.pdf\" target=\"_blank\" rel=\"noopener noreferrer\">See the general conditions of sale<\/a><br><br><br><br><\/strong><\/span><\/p>\n<\/div>\n\n\n\n<div class=\"wp-block-column is-layout-flow wp-block-column-is-layout-flow\" style=\"flex-basis:33%\">\n<figure class=\"wp-block-image size-large\"><img loading=\"lazy\" decoding=\"async\" width=\"300\" height=\"300\" src=\"https:\/\/printor.pl\/wp-content\/uploads\/2020\/03\/Printor_pliki_do_pobrania-1.jpeg\" alt=\"\" class=\"wp-image-3559\" srcset=\"https:\/\/printor.pl\/wp-content\/uploads\/2020\/03\/Printor_pliki_do_pobrania-1.jpeg 300w, https:\/\/printor.pl\/wp-content\/uploads\/2020\/03\/Printor_pliki_do_pobrania-1-150x150.jpeg 150w\" sizes=\"auto, (max-width: 300px) 100vw, 300px\" \/><\/figure>\n<\/div>\n<\/div>\n<\/div><\/div>\n","protected":false},"excerpt":{"rendered":"<p>Use one of the below form to send the inquiry: The area of our activity is a contract production of [&hellip;]<\/p>\n","protected":false},"author":1,"featured_media":4302,"parent":0,"menu_order":0,"comment_status":"closed","ping_status":"closed","template":"page-no-margin.php","meta":{"inline_featured_image":false,"footnotes":""},"class_list":["post-4462","page","type-page","status-publish","has-post-thumbnail","hentry"],"yoast_head":"<!-- This site is optimized with the Yoast SEO plugin v26.3 - https:\/\/yoast.com\/wordpress\/plugins\/seo\/ -->\n<title>Submit Request | Printor<\/title>\n<meta name=\"description\" content=\"Skontaktuj si\u0119 z nami! Wyslij zapytanie og\u00f3lne lub wy\u015b\u0142ij szczeg\u00f3\u0142owe zam\u00f3wienie.\" \/>\n<meta name=\"robots\" content=\"index, follow, max-snippet:-1, max-image-preview:large, max-video-preview:-1\" \/>\n<link rel=\"canonical\" href=\"https:\/\/printor.pl\/en\/request\/\" \/>\n<meta property=\"og:locale\" content=\"en_US\" \/>\n<meta property=\"og:type\" content=\"article\" \/>\n<meta property=\"og:title\" content=\"Submit Request | Printor\" \/>\n<meta property=\"og:description\" content=\"Skontaktuj si\u0119 z nami! Wyslij zapytanie og\u00f3lne lub wy\u015b\u0142ij szczeg\u00f3\u0142owe zam\u00f3wienie.\" \/>\n<meta property=\"og:url\" content=\"https:\/\/printor.pl\/en\/request\/\" \/>\n<meta property=\"og:site_name\" content=\"Printor\" \/>\n<meta property=\"article:modified_time\" content=\"2025-10-31T08:53:32+00:00\" \/>\n<meta property=\"og:image\" content=\"https:\/\/printor.pl\/wp-content\/uploads\/2020\/03\/printor-produkcja-elektroniki-zapytanie-ofertowe.jpg\" \/>\n\t<meta property=\"og:image:width\" content=\"1900\" \/>\n\t<meta property=\"og:image:height\" content=\"396\" \/>\n\t<meta property=\"og:image:type\" content=\"image\/jpeg\" \/>\n<meta name=\"twitter:card\" content=\"summary_large_image\" \/>\n<meta name=\"twitter:label1\" content=\"Est. reading time\" \/>\n\t<meta name=\"twitter:data1\" content=\"2 minutes\" \/>\n<script type=\"application\/ld+json\" class=\"yoast-schema-graph\">{\"@context\":\"https:\/\/schema.org\",\"@graph\":[{\"@type\":\"WebPage\",\"@id\":\"https:\/\/printor.pl\/en\/request\/\",\"url\":\"https:\/\/printor.pl\/en\/request\/\",\"name\":\"Submit Request | Printor\",\"isPartOf\":{\"@id\":\"https:\/\/printor.pl\/#website\"},\"primaryImageOfPage\":{\"@id\":\"https:\/\/printor.pl\/en\/request\/#primaryimage\"},\"image\":{\"@id\":\"https:\/\/printor.pl\/en\/request\/#primaryimage\"},\"thumbnailUrl\":\"https:\/\/printor.pl\/wp-content\/uploads\/2020\/03\/printor-produkcja-elektroniki-zapytanie-ofertowe.jpg\",\"datePublished\":\"2020-01-30T11:04:36+00:00\",\"dateModified\":\"2025-10-31T08:53:32+00:00\",\"description\":\"Skontaktuj si\u0119 z nami! Wyslij zapytanie og\u00f3lne lub wy\u015b\u0142ij szczeg\u00f3\u0142owe zam\u00f3wienie.\",\"breadcrumb\":{\"@id\":\"https:\/\/printor.pl\/en\/request\/#breadcrumb\"},\"inLanguage\":\"en-US\",\"potentialAction\":[{\"@type\":\"ReadAction\",\"target\":[\"https:\/\/printor.pl\/en\/request\/\"]}]},{\"@type\":\"ImageObject\",\"inLanguage\":\"en-US\",\"@id\":\"https:\/\/printor.pl\/en\/request\/#primaryimage\",\"url\":\"https:\/\/printor.pl\/wp-content\/uploads\/2020\/03\/printor-produkcja-elektroniki-zapytanie-ofertowe.jpg\",\"contentUrl\":\"https:\/\/printor.pl\/wp-content\/uploads\/2020\/03\/printor-produkcja-elektroniki-zapytanie-ofertowe.jpg\",\"width\":1900,\"height\":396},{\"@type\":\"BreadcrumbList\",\"@id\":\"https:\/\/printor.pl\/en\/request\/#breadcrumb\",\"itemListElement\":[{\"@type\":\"ListItem\",\"position\":1,\"name\":\"Strona g\u0142\u00f3wna\",\"item\":\"https:\/\/printor.pl\/en\/\"},{\"@type\":\"ListItem\",\"position\":2,\"name\":\"RFQ forms\"}]},{\"@type\":\"WebSite\",\"@id\":\"https:\/\/printor.pl\/#website\",\"url\":\"https:\/\/printor.pl\/\",\"name\":\"Printor\",\"description\":\"\",\"potentialAction\":[{\"@type\":\"SearchAction\",\"target\":{\"@type\":\"EntryPoint\",\"urlTemplate\":\"https:\/\/printor.pl\/?s={search_term_string}\"},\"query-input\":{\"@type\":\"PropertyValueSpecification\",\"valueRequired\":true,\"valueName\":\"search_term_string\"}}],\"inLanguage\":\"en-US\"}]}<\/script>\n<!-- \/ Yoast SEO plugin. -->","yoast_head_json":{"title":"Submit Request | Printor","description":"Skontaktuj si\u0119 z nami! Wyslij zapytanie og\u00f3lne lub wy\u015b\u0142ij szczeg\u00f3\u0142owe zam\u00f3wienie.","robots":{"index":"index","follow":"follow","max-snippet":"max-snippet:-1","max-image-preview":"max-image-preview:large","max-video-preview":"max-video-preview:-1"},"canonical":"https:\/\/printor.pl\/en\/request\/","og_locale":"en_US","og_type":"article","og_title":"Submit Request | Printor","og_description":"Skontaktuj si\u0119 z nami! Wyslij zapytanie og\u00f3lne lub wy\u015b\u0142ij szczeg\u00f3\u0142owe zam\u00f3wienie.","og_url":"https:\/\/printor.pl\/en\/request\/","og_site_name":"Printor","article_modified_time":"2025-10-31T08:53:32+00:00","og_image":[{"width":1900,"height":396,"url":"https:\/\/printor.pl\/wp-content\/uploads\/2020\/03\/printor-produkcja-elektroniki-zapytanie-ofertowe.jpg","type":"image\/jpeg"}],"twitter_card":"summary_large_image","twitter_misc":{"Est. reading time":"2 minutes"},"schema":{"@context":"https:\/\/schema.org","@graph":[{"@type":"WebPage","@id":"https:\/\/printor.pl\/en\/request\/","url":"https:\/\/printor.pl\/en\/request\/","name":"Submit Request | Printor","isPartOf":{"@id":"https:\/\/printor.pl\/#website"},"primaryImageOfPage":{"@id":"https:\/\/printor.pl\/en\/request\/#primaryimage"},"image":{"@id":"https:\/\/printor.pl\/en\/request\/#primaryimage"},"thumbnailUrl":"https:\/\/printor.pl\/wp-content\/uploads\/2020\/03\/printor-produkcja-elektroniki-zapytanie-ofertowe.jpg","datePublished":"2020-01-30T11:04:36+00:00","dateModified":"2025-10-31T08:53:32+00:00","description":"Skontaktuj si\u0119 z nami! Wyslij zapytanie og\u00f3lne lub wy\u015b\u0142ij szczeg\u00f3\u0142owe zam\u00f3wienie.","breadcrumb":{"@id":"https:\/\/printor.pl\/en\/request\/#breadcrumb"},"inLanguage":"en-US","potentialAction":[{"@type":"ReadAction","target":["https:\/\/printor.pl\/en\/request\/"]}]},{"@type":"ImageObject","inLanguage":"en-US","@id":"https:\/\/printor.pl\/en\/request\/#primaryimage","url":"https:\/\/printor.pl\/wp-content\/uploads\/2020\/03\/printor-produkcja-elektroniki-zapytanie-ofertowe.jpg","contentUrl":"https:\/\/printor.pl\/wp-content\/uploads\/2020\/03\/printor-produkcja-elektroniki-zapytanie-ofertowe.jpg","width":1900,"height":396},{"@type":"BreadcrumbList","@id":"https:\/\/printor.pl\/en\/request\/#breadcrumb","itemListElement":[{"@type":"ListItem","position":1,"name":"Strona g\u0142\u00f3wna","item":"https:\/\/printor.pl\/en\/"},{"@type":"ListItem","position":2,"name":"RFQ forms"}]},{"@type":"WebSite","@id":"https:\/\/printor.pl\/#website","url":"https:\/\/printor.pl\/","name":"Printor","description":"","potentialAction":[{"@type":"SearchAction","target":{"@type":"EntryPoint","urlTemplate":"https:\/\/printor.pl\/?s={search_term_string}"},"query-input":{"@type":"PropertyValueSpecification","valueRequired":true,"valueName":"search_term_string"}}],"inLanguage":"en-US"}]}},"_links":{"self":[{"href":"https:\/\/printor.pl\/en\/wp-json\/wp\/v2\/pages\/4462","targetHints":{"allow":["GET"]}}],"collection":[{"href":"https:\/\/printor.pl\/en\/wp-json\/wp\/v2\/pages"}],"about":[{"href":"https:\/\/printor.pl\/en\/wp-json\/wp\/v2\/types\/page"}],"author":[{"embeddable":true,"href":"https:\/\/printor.pl\/en\/wp-json\/wp\/v2\/users\/1"}],"replies":[{"embeddable":true,"href":"https:\/\/printor.pl\/en\/wp-json\/wp\/v2\/comments?post=4462"}],"version-history":[{"count":49,"href":"https:\/\/printor.pl\/en\/wp-json\/wp\/v2\/pages\/4462\/revisions"}],"predecessor-version":[{"id":13146,"href":"https:\/\/printor.pl\/en\/wp-json\/wp\/v2\/pages\/4462\/revisions\/13146"}],"wp:featuredmedia":[{"embeddable":true,"href":"https:\/\/printor.pl\/en\/wp-json\/wp\/v2\/media\/4302"}],"wp:attachment":[{"href":"https:\/\/printor.pl\/en\/wp-json\/wp\/v2\/media?parent=4462"}],"curies":[{"name":"wp","href":"https:\/\/api.w.org\/{rel}","templated":true}]}}