{"id":9199,"date":"2022-08-17T01:10:29","date_gmt":"2022-08-16T23:10:29","guid":{"rendered":"https:\/\/printor.pl\/?page_id=9199"},"modified":"2024-10-01T15:21:54","modified_gmt":"2024-10-01T13:21:54","slug":"kontakt-oss-2","status":"publish","type":"page","link":"https:\/\/printor.pl\/no\/kontakt-oss-2\/","title":{"rendered":"Kontakt oss"},"content":{"rendered":"\n<div class=\"wp-block-columns is-layout-flex wp-container-core-columns-is-layout-9d6595d7 wp-block-columns-is-layout-flex\">\n<div class=\"wp-block-column is-vertically-aligned-top border is-style-bordered is-layout-flow wp-block-column-is-layout-flow\">\n<p><span style=\"color: #000080; font-size: 32px; font-family: Ubuntu;\">Har du sp\u00f8rsm\u00e5l?<\/span><\/p>\n<p><span style=\"color: #000080; font-size: 24px; font-family: Ubuntu;\"><span style=\"color: #0000ff;\">Er du interessert i \u00e5 etablere samarbeid med en elektronikkleverand\u00f8r, EMS-partner?<\/span><\/span><\/p>\n\n\n\n<div style=\"height:26px\" aria-hidden=\"true\" class=\"wp-block-spacer\"><\/div>\n\n\n\n<p>V\u00e5r aktivitet er kontraktsproduksjon av elektronikk, inkludert seriebestillinger. Vi inviterer interesserte bedrifter til \u00e5 kontakte oss.<\/p>\n\n\n\n<table style=\"border-collapse: collapse; width: 100%; height: 376px;\">\n<tbody>\n<tr style=\"height: 404px;\">\n<td style=\"width: 50%; height: 376px;\">\n<h3>Printor Sp. z o.o.<\/h3>\n<p><strong>Hovedkvarter<\/strong><br>ul. Szczeci\u0144ska 59a<br>91-222 \u0141\u00f3d\u017a<\/p>\n<p><strong>Kontaktinformasjon<\/strong><br>Telefon 1: +48 42 652 79 44<br>Telefon 2: +48 42 942 03 06<br>FAX: +48 42 652 60 21<\/p>\n<\/td>\n<td style=\"width: 50%; height: 376px;\">Registreringsdata<br>NIP (skattenummer): 947 198 06 46<br>REGON: 101324405<br>KRS: 0000408800<br>Tingrett for \u0141\u00f3d\u017a \u015ar\u00f3dmie\u015bcie i \u0141\u00f3d\u017a, XX avdeling i Riksrettsregisteret<\/td>\n<\/tr>\n<\/tbody>\n<\/table>\n\n\n\n<figure class=\"wp-block-embed-youtube wp-block-embed is-type-video is-provider-youtube caption-align-center wp-embed-aspect-16-9 wp-has-aspect-ratio\"><div class=\"wp-block-embed__wrapper\">\n<iframe loading=\"lazy\" title=\"Printor Electronic Manufacturing Services | EMS | PL\" width=\"500\" height=\"281\" src=\"https:\/\/www.youtube.com\/embed\/ZuzWF_DdSiY?feature=oembed\" frameborder=\"0\" allow=\"accelerometer; autoplay; clipboard-write; encrypted-media; gyroscope; picture-in-picture; web-share\" referrerpolicy=\"strict-origin-when-cross-origin\" allowfullscreen><\/iframe>\n<\/div><\/figure>\n<\/div>\n\n\n\n<div class=\"wp-block-column is-layout-flow wp-block-column-is-layout-flow\">\n<div class=\"wp-block-group has-blue-background-color has-background\"><div class=\"wp-block-group__inner-container is-layout-flow wp-block-group-is-layout-flow\">\n<h3 class=\"has-text-align-center contact-header wp-block-heading\"><span style=\"color:#F7F9FB\" class=\"tadv-color\">Kontakt, skriv til oss<\/span><\/h3>\n<\/div><\/div>\n\n\n\n<div class=\"wp-block-group has-light-gray-background-color has-background\"><div class=\"wp-block-group__inner-container is-layout-flow wp-block-group-is-layout-flow\">\n<div class=\"wpcf7 no-js\" id=\"wpcf7-f9047-o1\" lang=\"pl-PL\" dir=\"ltr\" data-wpcf7-id=\"9047\">\n<div class=\"screen-reader-response\"><p role=\"status\" aria-live=\"polite\" aria-atomic=\"true\"><\/p> <ul><\/ul><\/div>\n<form action=\"\/no\/wp-json\/wp\/v2\/pages\/9199#wpcf7-f9047-o1\" method=\"post\" class=\"wpcf7-form init wpcf7-acceptance-as-validation\" aria-label=\"Formularz kontaktowy\" novalidate=\"novalidate\" data-status=\"init\">\n<fieldset class=\"hidden-fields-container\"><input type=\"hidden\" name=\"_wpcf7\" value=\"9047\" \/><input type=\"hidden\" name=\"_wpcf7_version\" value=\"6.1.2\" \/><input type=\"hidden\" name=\"_wpcf7_locale\" value=\"pl_PL\" \/><input type=\"hidden\" name=\"_wpcf7_unit_tag\" value=\"wpcf7-f9047-o1\" \/><input type=\"hidden\" name=\"_wpcf7_container_post\" value=\"0\" \/><input type=\"hidden\" name=\"_wpcf7_posted_data_hash\" value=\"\" \/><input type=\"hidden\" name=\"_wpcf7cf_hidden_group_fields\" value=\"[]\" \/><input type=\"hidden\" name=\"_wpcf7cf_hidden_groups\" value=\"[]\" \/><input type=\"hidden\" name=\"_wpcf7cf_visible_groups\" value=\"[]\" \/><input type=\"hidden\" name=\"_wpcf7cf_repeaters\" value=\"[]\" \/><input type=\"hidden\" name=\"_wpcf7cf_steps\" value=\"{}\" \/><input type=\"hidden\" name=\"_wpcf7cf_options\" value=\"{&quot;form_id&quot;:9047,&quot;conditions&quot;:[],&quot;settings&quot;:{&quot;animation&quot;:&quot;yes&quot;,&quot;animation_intime&quot;:200,&quot;animation_outtime&quot;:200,&quot;conditions_ui&quot;:&quot;normal&quot;,&quot;notice_dismissed&quot;:false,&quot;notice_dismissed_update-cf7-6.0&quot;:true}}\" \/><input type=\"hidden\" name=\"_wpcf7_recaptcha_response\" value=\"\" \/>\n<\/fieldset>\n<div class=\"two-fields\">\n<label class=\"field\">\n  <div class=\"field__label\">Fornavn *<\/div>\n  <div class=\"field__field\">\n    <span class=\"wpcf7-form-control-wrap\" data-name=\"form-fname\"><input size=\"40\" maxlength=\"400\" class=\"wpcf7-form-control wpcf7-text wpcf7-validates-as-required\" aria-required=\"true\" aria-invalid=\"false\" value=\"\" type=\"text\" name=\"form-fname\" \/><\/span>\n  <\/div>\n<\/label>\n<label class=\"field\">\n  <div class=\"field__label\">Navn *<\/div>\n  <div class=\"field__field\">\n    <span class=\"wpcf7-form-control-wrap\" data-name=\"form-lname\"><input size=\"40\" maxlength=\"400\" class=\"wpcf7-form-control wpcf7-text wpcf7-validates-as-required\" aria-required=\"true\" aria-invalid=\"false\" value=\"\" type=\"text\" name=\"form-lname\" \/><\/span>\n  <\/div>\n<\/label>\n<\/div>\n<label class=\"field\">\n  <div class=\"field__label\">Selskapsnavn <\/div>\n  <div class=\"field__field\">\n    <span class=\"wpcf7-form-control-wrap\" data-name=\"form-company-name\"><input size=\"40\" maxlength=\"400\" class=\"wpcf7-form-control wpcf7-text\" aria-invalid=\"false\" value=\"\" type=\"text\" name=\"form-company-name\" \/><\/span>\n  <\/div>\n<\/label>\n<label class=\"field\">\n  <div class=\"field__label\">Telefonnummer <\/div>\n  <div class=\"field__field\">\n    <span class=\"wpcf7-form-control-wrap\" data-name=\"form-phone\"><input size=\"40\" maxlength=\"400\" class=\"wpcf7-form-control wpcf7-text\" aria-invalid=\"false\" value=\"\" type=\"text\" name=\"form-phone\" \/><\/span>\n  <\/div>\n<\/label>\n<label class=\"field\">\n  <div class=\"field__label\">Epost adresse *<\/div>\n  <div class=\"field__field\">\n    <span class=\"wpcf7-form-control-wrap\" data-name=\"form-mail\"><input size=\"40\" maxlength=\"400\" class=\"wpcf7-form-control wpcf7-text wpcf7-validates-as-required\" aria-required=\"true\" aria-invalid=\"false\" value=\"\" type=\"text\" name=\"form-mail\" \/><\/span>\n  <\/div>\n<\/label>\n<label class=\"field\">\n  <div class=\"field__label\">Meldingsemne <\/div>\n  <div class=\"field__field\">\n    <span class=\"wpcf7-form-control-wrap\" data-name=\"form-topic\"><select class=\"wpcf7-form-control wpcf7-select\" aria-invalid=\"false\" name=\"form-topic\"><option value=\"- Velge -\">- Velge -<\/option><option value=\"Vennligst kontakt meg\">Vennligst kontakt meg<\/option><option value=\"Vennligst m\u00f8t meg\">Vennligst m\u00f8t meg<\/option><option value=\"Jeg ber om tilbud vedr\u00f8rende kontraktsfestet produksjon av elektronikk\">Jeg ber om tilbud vedr\u00f8rende kontraktsfestet produksjon av elektronikk<\/option><option value=\"Samarbeidsforslag\">Samarbeidsforslag<\/option><option value=\"Andre\">Andre<\/option><\/select><\/span>\n  <\/div>\n<\/label>\n<label class=\"field\">\n  <div class=\"field__label\">Beskriv din henvendelse <\/div>\n  <div class=\"field__field\">\n    <span class=\"wpcf7-form-control-wrap\" data-name=\"form-message\"><textarea cols=\"40\" rows=\"10\" maxlength=\"2000\" class=\"wpcf7-form-control wpcf7-textarea\" aria-invalid=\"false\" name=\"form-message\"><\/textarea><\/span>\n  <\/div>\n<\/label>\n<div class=\"form-info\">Dataadministrator er Printor Sp. z o.o..<\/div>\n<div class=\"form-checkboxes\">\n<div class=\"checkbox-wrapper\">\n<span class=\"wpcf7-form-control-wrap\" data-name=\"acceptance-77\"><span class=\"wpcf7-form-control wpcf7-acceptance\"><span class=\"wpcf7-list-item\"><label><input type=\"checkbox\" name=\"acceptance-77\" value=\"1\" aria-invalid=\"false\" \/><span class=\"wpcf7-list-item-label\"><strong>Samtykke til behandling av personopplysninger <\/strong><span class=\"agreed-dots\">...<\/span> <button class=\"agreed-show-more\">Mer<\/button> <span class=\"agreed-more\">Jeg samtykker til behandling av mine personopplysninger i samsvar med gjeldende lov, i forbindelse (form\u00e5l) med \u00e5 sende en foresp\u00f8rsel via kontaktskjemaet. Oppgi de aktuelle dataene er kun frivillig, men n\u00f8dvendig for \u00e5 behandle henvendelsen. Mine personopplysninger vil bli behandlet inntil samtykket trekkes tilbake eller i den perioden som er n\u00f8dvendig for \u00e5 etablere, unders\u00f8ke eller forsvare krav. Jeg erkl\u00e6rer at jeg har blitt informert om at jeg har rett til \u00e5 f\u00e5 tilgang til opplysningene mine, rette dem, overf\u00f8re data, be om sletting eller begrensning av behandling av personopplysninger, innsigelse (n\u00e5r grunnlaget for behandlingen er administratorens legitime interesse), eller trekke meg tilbake mitt samtykke.<\/span><\/span><\/label><\/span><\/span><\/span>\n<\/div>\n<div class=\"checkbox-wrapper\">\n<span class=\"wpcf7-form-control-wrap\" data-name=\"acceptance-78\"><span class=\"wpcf7-form-control wpcf7-acceptance\"><span class=\"wpcf7-list-item\"><label><input type=\"checkbox\" name=\"acceptance-78\" value=\"1\" aria-invalid=\"false\" \/><span class=\"wpcf7-list-item-label\"><strong>Samtykke til \u00e5 motta kommersiell informasjon.<\/strong><span class=\"agreed-dots\">...<\/span> <button class=\"agreed-show-more\">Mer<\/button> <span class=\"agreed-more\">Jeg samtykker til behandling av mine personopplysninger i samsvar med gjeldende lov, for \u00e5 motta kommersiell informasjon. Det er kun frivillig \u00e5 oppgi de aktuelle dataene. Mine personopplysninger vil bli behandlet inntil samtykket trekkes tilbake eller i den perioden som er n\u00f8dvendig for \u00e5 etablere, unders\u00f8ke eller forsvare krav. Jeg erkl\u00e6rer at jeg har blitt informert om at jeg har rett til \u00e5 f\u00e5 tilgang til opplysningene mine, rette dem, overf\u00f8re data, be om sletting eller begrensning av behandling av personopplysninger, innsigelse (n\u00e5r grunnlaget for behandlingen er administratorens legitime interesse), eller trekke meg tilbake mitt samtykke.<\/span><\/span><\/label><\/span><\/span><\/span>\n<\/div>\n<\/div>\n<span id=\"wpcf7-69e5b36f75623-wrapper\" class=\"wpcf7-form-control-wrap honeypot-352-wrap\" style=\"display:none !important; visibility:hidden !important;\"><label for=\"wpcf7-69e5b36f75623-field\" class=\"hp-message\">Please leave this field empty.<\/label><input id=\"wpcf7-69e5b36f75623-field\"  class=\"wpcf7-form-control wpcf7-text\" type=\"text\" name=\"honeypot-352\" value=\"\" size=\"40\" tabindex=\"-1\" autocomplete=\"new-password\" \/><\/span>\n<div class=\"text-right\">\n  <button class=\"btn btn--orange wpcf7-form-control wpcf7-submit\">\n    <span class=\"bg\"><\/span>\n    <span class=\"btn__cta\">Sende<\/span>\n  <\/button>\n<\/div><div class=\"wpcf7-response-output\" aria-hidden=\"true\"><\/div>\n<\/form>\n<\/div>\n\n<\/div><\/div>\n\n\n\n<p><\/p>\n<\/div>\n<\/div>\n\n\n\n<div class=\"wp-block-group has-blue-background-color has-background editorskit-no-desktop editorskit-no-tablet editorskit-no-mobile\"><div class=\"wp-block-group__inner-container is-layout-flow wp-block-group-is-layout-flow\">\n<h2 class=\"has-text-align-center editorskit-no-desktop editorskit-no-tablet editorskit-no-mobile wp-block-heading\"><span style=\"color:#F7F9FB\" class=\"tadv-color\">Salgsbetingelse<\/span><\/h2>\n\n\n\n<p class=\"has-text-align-center\"><span style=\"color:#F7F9FB\" class=\"tadv-color\">Salgsbetingelser (tilgjengelig p\u00e5 engelsk).<\/span><\/p>\n\n\n\n<div class=\"wp-block-file aligncenter\"><a id=\"wp-block-file--media-514fe70d-3573-45be-a8d7-b8591c2f4e60\" href=\"https:\/\/printor.dkonto.pl\/wp-content\/uploads\/2022\/07\/Printor_terms-of-sale-2.pdf\" target=\"_blank\" rel=\"noreferrer noopener\"><span class=\"tadv-color\" style=\"color: #ffffff;\">Filer \u00e5 laste ned &#8211; n\u00f8dvendig i prosessen med \u00e5 sende inn foresp\u00f8rsler<\/span><\/a><a class=\"wp-block-file__button\" href=\"https:\/\/printor.dkonto.pl\/wp-content\/uploads\/2022\/07\/Printor_terms-of-sale-2.pdf\" download=\"\" aria-describedby=\"wp-block-file--media-514fe70d-3573-45be-a8d7-b8591c2f4e60\"><span class=\"tadv-color\" style=\"color: #f7f9fb;\">Nedlasting<\/span><\/a><\/div>\n<\/div><\/div>\n\n\n  <div class=\"sell-wrapper\">\n    <div class=\"container sell-contact\">\n      <div class=\"sell-contact__text text\">\n        <p><span style=\"font-size: 24px; font-family: Ubuntu; color: #003aa7;\"><strong>Ser du etter en elektronikkleverand\u00f8r, EMS Partner? Vennligst kontakt oss direkte.<\/strong><\/span><\/p>\n<p>Vi snakker gjerne om dine behov, v\u00e5re eksperter st\u00e5r til din disposisjon.<\/p>\n      <\/div>\n              <div class=\"sell-contact__person\">\n          <div class=\"sell-contact__photo\">\n            <img loading=\"lazy\" decoding=\"async\" width=\"400\" height=\"600\" src=\"https:\/\/printor.pl\/wp-content\/uploads\/2024\/08\/Katarzyna_Clapa.jpg\" class=\"attachment-square size-square\" alt=\"\" srcset=\"https:\/\/printor.pl\/wp-content\/uploads\/2024\/08\/Katarzyna_Clapa.jpg 400w, https:\/\/printor.pl\/wp-content\/uploads\/2024\/08\/Katarzyna_Clapa-200x300.jpg 200w\" sizes=\"auto, (max-width: 400px) 100vw, 400px\" \/>                          <a href=\"https:\/\/www.linkedin.com\/in\/katarzyna-clapa\/\" rel=\"nofollow noopener\" target=\"_blank\" class=\"sell-contact__linkedin\"><img decoding=\"async\" src=\"https:\/\/printor.pl\/wp-content\/themes\/printor\/assets\/images\/linkedin2.svg\" alt=\"Linkedin\" \/><\/a>\n                      <\/div>\n          <div class=\"sell-contact__info\">\n            <div class=\"sell-contact__name\">Katarzyna C\u0142apa<\/div>\n            <div class=\"sell-contact__person-text\"><p>Salgsspesialist<br \/>\n+48 669 668 041<br \/>\n<a href=\"mailto:katarzyna.clapa@printor.pl\">katarzyna.clapa@printor.pl<\/a><\/p>\n<\/div>\n          <\/div>\n        <\/div>\n\n              <div class=\"sell-contact__person\">\n          <div class=\"sell-contact__photo\">\n            <img loading=\"lazy\" decoding=\"async\" width=\"400\" height=\"600\" src=\"https:\/\/printor.pl\/wp-content\/uploads\/2024\/08\/Agnieszka-Jobda.jpg\" class=\"attachment-square size-square\" alt=\"\" srcset=\"https:\/\/printor.pl\/wp-content\/uploads\/2024\/08\/Agnieszka-Jobda.jpg 400w, https:\/\/printor.pl\/wp-content\/uploads\/2024\/08\/Agnieszka-Jobda-200x300.jpg 200w\" sizes=\"auto, (max-width: 400px) 100vw, 400px\" \/>                          <a href=\"https:\/\/www.linkedin.com\/in\/agnieszka-jobda-21289818b\/\" rel=\"nofollow noopener\" target=\"_blank\" class=\"sell-contact__linkedin\"><img decoding=\"async\" src=\"https:\/\/printor.pl\/wp-content\/themes\/printor\/assets\/images\/linkedin2.svg\" alt=\"Linkedin\" \/><\/a>\n                      <\/div>\n          <div class=\"sell-contact__info\">\n            <div class=\"sell-contact__name\">Agnieszka Jobda<\/div>\n            <div class=\"sell-contact__person-text\"><p>Salgsspesialist<br \/>\n+48 603 163 394<br \/>\n<a href=\"mailto:agnieszka.jobda@printor.pl\">agnieszka.jobda@printor.pl<\/a><\/p>\n<\/div>\n          <\/div>\n        <\/div>\n\n          <\/div>\n  <\/div>\n\n\n\n<div class=\"wp-block-group\"><div class=\"wp-block-group__inner-container is-layout-flow wp-block-group-is-layout-flow\">\n<h2 class=\"wp-block-heading\">Filer \u00e5 laste ned &#8211; n\u00f8dvendig i prosessen med \u00e5 sende inn foresp\u00f8rsler<\/h2>\n\n\n\n<div class=\"wp-block-columns is-layout-flex wp-container-core-columns-is-layout-9d6595d7 wp-block-columns-is-layout-flex\">\n<div class=\"wp-block-column is-layout-flow wp-block-column-is-layout-flow\" style=\"flex-basis:67%\">\n<p><img loading=\"lazy\" decoding=\"async\" class=\"size-full wp-image-3485 alignleft\" src=\"https:\/\/printor.pl\/wp-content\/uploads\/2020\/03\/do_pobrania.png\" alt=\"\" width=\"68\" height=\"77\" \/> <span style=\"font-size: inherit;\"><br \/><strong><a href=\"https:\/\/printor.pl\/wp-content\/uploads\/2020\/09\/BOM_Printor_en.xls\">BOM EN sheet <\/a><\/strong>&#8211; Stykkeliste (stykkliste) &#8211; en liste over alle elementer som brukes i sammenstillingen<br \/><br \/><br \/><br \/><\/span><\/p>\n\n\n\n<p><img loading=\"lazy\" decoding=\"async\" class=\"size-full wp-image-3485 alignleft\" src=\"https:\/\/printor.pl\/wp-content\/uploads\/2020\/03\/do_pobrania.png\" alt=\"\" width=\"68\" height=\"77\" \/> <span style=\"font-size: inherit;\"><br \/><strong><a href=\"https:\/\/printor.pl\/wp-content\/uploads\/2022\/09\/Printor_terms-of-sale.pdf\" target=\"_blank\" rel=\"noopener noreferrer\">See the general conditions of sale<\/a><\/strong><\/span>\u00a0&#8211; Se de generelle salgsbetingelsene &#8211; tilgjengelig p\u00e5 engels<\/p>\n<\/div>\n\n\n\n<div class=\"wp-block-column is-layout-flow wp-block-column-is-layout-flow\" style=\"flex-basis:33%\">\n<figure class=\"wp-block-image size-large\"><img loading=\"lazy\" decoding=\"async\" width=\"300\" height=\"300\" src=\"https:\/\/printor.pl\/wp-content\/uploads\/2020\/03\/Printor_pliki_do_pobrania-1.jpeg\" alt=\"\" class=\"wp-image-3559\" srcset=\"https:\/\/printor.pl\/wp-content\/uploads\/2020\/03\/Printor_pliki_do_pobrania-1.jpeg 300w, https:\/\/printor.pl\/wp-content\/uploads\/2020\/03\/Printor_pliki_do_pobrania-1-150x150.jpeg 150w\" sizes=\"auto, (max-width: 300px) 100vw, 300px\" \/><\/figure>\n<\/div>\n<\/div>\n<\/div><\/div>\n\n\n\n<p><\/p>\n","protected":false},"excerpt":{"rendered":"<p>Har du sp\u00f8rsm\u00e5l? Er du interessert i \u00e5 etablere samarbeid med en elektronikkleverand\u00f8r, EMS-partner? V\u00e5r aktivitet er kontraktsproduksjon av elektronikk, [&hellip;]<\/p>\n","protected":false},"author":2,"featured_media":9202,"parent":0,"menu_order":0,"comment_status":"closed","ping_status":"closed","template":"","meta":{"inline_featured_image":false,"footnotes":""},"class_list":["post-9199","page","type-page","status-publish","has-post-thumbnail","hentry"],"yoast_head":"<!-- This site is optimized with the Yoast SEO plugin v26.3 - https:\/\/yoast.com\/wordpress\/plugins\/seo\/ -->\n<title>Kontakt oss - Printor<\/title>\n<meta name=\"robots\" content=\"index, follow, max-snippet:-1, max-image-preview:large, max-video-preview:-1\" \/>\n<link rel=\"canonical\" href=\"https:\/\/printor.pl\/kontakt\/\" \/>\n<meta property=\"og:locale\" content=\"nb_NO\" \/>\n<meta property=\"og:type\" content=\"article\" \/>\n<meta property=\"og:title\" content=\"Kontakt oss - Printor\" \/>\n<meta property=\"og:description\" content=\"Har du sp\u00f8rsm\u00e5l? Er du interessert i \u00e5 etablere samarbeid med en elektronikkleverand\u00f8r, EMS-partner? V\u00e5r aktivitet er kontraktsproduksjon av elektronikk, [&hellip;]\" \/>\n<meta property=\"og:url\" content=\"https:\/\/printor.pl\/kontakt\/\" \/>\n<meta property=\"og:site_name\" content=\"Printor\" \/>\n<meta property=\"article:modified_time\" content=\"2024-10-01T13:21:54+00:00\" \/>\n<meta property=\"og:image\" content=\"https:\/\/printor.pl\/wp-content\/uploads\/2020\/03\/Master-Kontakt-scaled.jpg\" \/>\n\t<meta property=\"og:image:width\" content=\"1900\" \/>\n\t<meta property=\"og:image:height\" content=\"396\" \/>\n\t<meta property=\"og:image:type\" content=\"image\/jpeg\" \/>\n<meta name=\"twitter:card\" content=\"summary_large_image\" \/>\n<script type=\"application\/ld+json\" class=\"yoast-schema-graph\">{\"@context\":\"https:\/\/schema.org\",\"@graph\":[{\"@type\":\"WebPage\",\"@id\":\"https:\/\/printor.pl\/kontakt\/\",\"url\":\"https:\/\/printor.pl\/kontakt\/\",\"name\":\"Kontakt oss - Printor\",\"isPartOf\":{\"@id\":\"https:\/\/printor.pl\/#website\"},\"primaryImageOfPage\":{\"@id\":\"https:\/\/printor.pl\/kontakt\/#primaryimage\"},\"image\":{\"@id\":\"https:\/\/printor.pl\/kontakt\/#primaryimage\"},\"thumbnailUrl\":\"https:\/\/printor.pl\/wp-content\/uploads\/2020\/03\/Master-Kontakt-scaled.jpg\",\"datePublished\":\"2022-08-16T23:10:29+00:00\",\"dateModified\":\"2024-10-01T13:21:54+00:00\",\"breadcrumb\":{\"@id\":\"https:\/\/printor.pl\/kontakt\/#breadcrumb\"},\"inLanguage\":\"nb-NO\",\"potentialAction\":[{\"@type\":\"ReadAction\",\"target\":[\"https:\/\/printor.pl\/kontakt\/\"]}]},{\"@type\":\"ImageObject\",\"inLanguage\":\"nb-NO\",\"@id\":\"https:\/\/printor.pl\/kontakt\/#primaryimage\",\"url\":\"https:\/\/printor.pl\/wp-content\/uploads\/2020\/03\/Master-Kontakt-scaled.jpg\",\"contentUrl\":\"https:\/\/printor.pl\/wp-content\/uploads\/2020\/03\/Master-Kontakt-scaled.jpg\",\"width\":1900,\"height\":396},{\"@type\":\"BreadcrumbList\",\"@id\":\"https:\/\/printor.pl\/kontakt\/#breadcrumb\",\"itemListElement\":[{\"@type\":\"ListItem\",\"position\":1,\"name\":\"Strona g\u0142\u00f3wna\",\"item\":\"https:\/\/printor.pl\/\"},{\"@type\":\"ListItem\",\"position\":2,\"name\":\"Kontakt oss\"}]},{\"@type\":\"WebSite\",\"@id\":\"https:\/\/printor.pl\/#website\",\"url\":\"https:\/\/printor.pl\/\",\"name\":\"Printor\",\"description\":\"\",\"potentialAction\":[{\"@type\":\"SearchAction\",\"target\":{\"@type\":\"EntryPoint\",\"urlTemplate\":\"https:\/\/printor.pl\/?s={search_term_string}\"},\"query-input\":{\"@type\":\"PropertyValueSpecification\",\"valueRequired\":true,\"valueName\":\"search_term_string\"}}],\"inLanguage\":\"nb-NO\"}]}<\/script>\n<!-- \/ Yoast SEO plugin. -->","yoast_head_json":{"title":"Kontakt oss - Printor","robots":{"index":"index","follow":"follow","max-snippet":"max-snippet:-1","max-image-preview":"max-image-preview:large","max-video-preview":"max-video-preview:-1"},"canonical":"https:\/\/printor.pl\/kontakt\/","og_locale":"nb_NO","og_type":"article","og_title":"Kontakt oss - Printor","og_description":"Har du sp\u00f8rsm\u00e5l? Er du interessert i \u00e5 etablere samarbeid med en elektronikkleverand\u00f8r, EMS-partner? V\u00e5r aktivitet er kontraktsproduksjon av elektronikk, [&hellip;]","og_url":"https:\/\/printor.pl\/kontakt\/","og_site_name":"Printor","article_modified_time":"2024-10-01T13:21:54+00:00","og_image":[{"width":1900,"height":396,"url":"https:\/\/printor.pl\/wp-content\/uploads\/2020\/03\/Master-Kontakt-scaled.jpg","type":"image\/jpeg"}],"twitter_card":"summary_large_image","schema":{"@context":"https:\/\/schema.org","@graph":[{"@type":"WebPage","@id":"https:\/\/printor.pl\/kontakt\/","url":"https:\/\/printor.pl\/kontakt\/","name":"Kontakt oss - Printor","isPartOf":{"@id":"https:\/\/printor.pl\/#website"},"primaryImageOfPage":{"@id":"https:\/\/printor.pl\/kontakt\/#primaryimage"},"image":{"@id":"https:\/\/printor.pl\/kontakt\/#primaryimage"},"thumbnailUrl":"https:\/\/printor.pl\/wp-content\/uploads\/2020\/03\/Master-Kontakt-scaled.jpg","datePublished":"2022-08-16T23:10:29+00:00","dateModified":"2024-10-01T13:21:54+00:00","breadcrumb":{"@id":"https:\/\/printor.pl\/kontakt\/#breadcrumb"},"inLanguage":"nb-NO","potentialAction":[{"@type":"ReadAction","target":["https:\/\/printor.pl\/kontakt\/"]}]},{"@type":"ImageObject","inLanguage":"nb-NO","@id":"https:\/\/printor.pl\/kontakt\/#primaryimage","url":"https:\/\/printor.pl\/wp-content\/uploads\/2020\/03\/Master-Kontakt-scaled.jpg","contentUrl":"https:\/\/printor.pl\/wp-content\/uploads\/2020\/03\/Master-Kontakt-scaled.jpg","width":1900,"height":396},{"@type":"BreadcrumbList","@id":"https:\/\/printor.pl\/kontakt\/#breadcrumb","itemListElement":[{"@type":"ListItem","position":1,"name":"Strona g\u0142\u00f3wna","item":"https:\/\/printor.pl\/"},{"@type":"ListItem","position":2,"name":"Kontakt oss"}]},{"@type":"WebSite","@id":"https:\/\/printor.pl\/#website","url":"https:\/\/printor.pl\/","name":"Printor","description":"","potentialAction":[{"@type":"SearchAction","target":{"@type":"EntryPoint","urlTemplate":"https:\/\/printor.pl\/?s={search_term_string}"},"query-input":{"@type":"PropertyValueSpecification","valueRequired":true,"valueName":"search_term_string"}}],"inLanguage":"nb-NO"}]}},"_links":{"self":[{"href":"https:\/\/printor.pl\/no\/wp-json\/wp\/v2\/pages\/9199","targetHints":{"allow":["GET"]}}],"collection":[{"href":"https:\/\/printor.pl\/no\/wp-json\/wp\/v2\/pages"}],"about":[{"href":"https:\/\/printor.pl\/no\/wp-json\/wp\/v2\/types\/page"}],"author":[{"embeddable":true,"href":"https:\/\/printor.pl\/no\/wp-json\/wp\/v2\/users\/2"}],"replies":[{"embeddable":true,"href":"https:\/\/printor.pl\/no\/wp-json\/wp\/v2\/comments?post=9199"}],"version-history":[{"count":5,"href":"https:\/\/printor.pl\/no\/wp-json\/wp\/v2\/pages\/9199\/revisions"}],"predecessor-version":[{"id":10190,"href":"https:\/\/printor.pl\/no\/wp-json\/wp\/v2\/pages\/9199\/revisions\/10190"}],"wp:featuredmedia":[{"embeddable":true,"href":"https:\/\/printor.pl\/no\/wp-json\/wp\/v2\/media\/9202"}],"wp:attachment":[{"href":"https:\/\/printor.pl\/no\/wp-json\/wp\/v2\/media?parent=9199"}],"curies":[{"name":"wp","href":"https:\/\/api.w.org\/{rel}","templated":true}]}}