{"id":9250,"date":"2022-08-17T02:00:10","date_gmt":"2022-08-17T00:00:10","guid":{"rendered":"https:\/\/printor.pl\/?page_id=9250"},"modified":"2024-10-01T15:20:24","modified_gmt":"2024-10-01T13:20:24","slug":"kontakta-oss-2","status":"publish","type":"page","link":"https:\/\/printor.pl\/se\/kontakta-oss-2\/","title":{"rendered":"Kontakta oss"},"content":{"rendered":"\n<div class=\"wp-block-columns is-layout-flex wp-container-core-columns-is-layout-9d6595d7 wp-block-columns-is-layout-flex\">\n<div class=\"wp-block-column is-vertically-aligned-top border is-style-bordered is-layout-flow wp-block-column-is-layout-flow\">\n<p><span style=\"color: #000080; font-size: 32px; font-family: Ubuntu;\">Har du n\u00e5gra fr\u00e5gor?<\/span><\/p>\n<p><span style=\"color: #000080; font-size: 24px; font-family: Ubuntu;\"><span style=\"color: #0000ff;\">\u00c4r du intresserad av att etablera ett samarbete med en elektronikleverant\u00f6r, EMS-partner?<\/span><\/span><\/p>\n<p><strong>Anv\u00e4nd formul\u00e4ret<\/strong>, ange din e-postadress eller telefonnummer s\u00e5 kontaktar vi dig s\u00e5 snart som m\u00f6jligt.<\/p>\n\n\n\n<div style=\"height:26px\" aria-hidden=\"true\" class=\"wp-block-spacer\"><\/div>\n\n\n\n<p>Vi fokuserar v\u00e5r verksamhet p\u00e5 kontraktstillverkning av elektronik som omfattar order f\u00f6r serietillverkning. Intresserade f\u00f6retag \u00e4r v\u00e4lkomna att kontakta oss.<\/p>\n\n\n\n<table style=\"border-collapse: collapse; width: 100%; height: 376px;\">\n<tbody>\n<tr style=\"height: 404px;\">\n<td style=\"width: 50%; height: 376px;\">\n<h3>Printor Sp. z o.o.<\/h3>\n<p><strong>F\u00f6retagets s\u00e4te<\/strong><br \/>ul. Szczeci\u0144ska 59a<br \/>91-222 \u0141\u00f3d\u017a<\/p>\n<p><strong>Kontaktuppgifter<\/strong><br \/>Telefon 1: +48 42 652 79 44<br \/>Telefon 2: +48 42 942 03 06<br \/>FAX: +48 42 652 60 21<\/p>\n<\/td>\n<td style=\"width: 50%; height: 376px;\">Registreringsuppgifter<br \/>NIP (skatteregistreringsnummer):947 198 06 46<br \/>REGON (nummer i den centrala f\u00f6rteckningen \u00f6ver n\u00e4ringsverksamhet): 101324405<br \/>KRS (nummer i det nationella domstolsregistret): 0000408800<\/td>\n<\/tr>\n<\/tbody>\n<\/table>\n\n\n\n<figure class=\"wp-block-embed-youtube wp-block-embed is-type-video is-provider-youtube caption-align-center wp-embed-aspect-16-9 wp-has-aspect-ratio\"><div class=\"wp-block-embed__wrapper\">\n<iframe loading=\"lazy\" title=\"Printor Electronic Manufacturing Services | EMS | PL\" width=\"500\" height=\"281\" src=\"https:\/\/www.youtube.com\/embed\/ZuzWF_DdSiY?feature=oembed\" frameborder=\"0\" allow=\"accelerometer; autoplay; clipboard-write; encrypted-media; gyroscope; picture-in-picture; web-share\" referrerpolicy=\"strict-origin-when-cross-origin\" allowfullscreen><\/iframe>\n<\/div><\/figure>\n<\/div>\n\n\n\n<div class=\"wp-block-column is-layout-flow wp-block-column-is-layout-flow\">\n<div class=\"wp-block-group has-blue-background-color has-background\"><div class=\"wp-block-group__inner-container is-layout-flow wp-block-group-is-layout-flow\">\n<h3 class=\"has-text-align-center contact-header wp-block-heading\"><span style=\"color:#F7F9FB\" class=\"tadv-color\">Kontakta oss, skriv till oss<\/span><\/h3>\n<\/div><\/div>\n\n\n\n<div class=\"wp-block-group has-light-gray-background-color has-background\"><div class=\"wp-block-group__inner-container is-layout-flow wp-block-group-is-layout-flow\">\n<div class=\"wpcf7 no-js\" id=\"wpcf7-f9048-o1\" lang=\"pl-PL\" dir=\"ltr\" data-wpcf7-id=\"9048\">\n<div class=\"screen-reader-response\"><p role=\"status\" aria-live=\"polite\" aria-atomic=\"true\"><\/p> <ul><\/ul><\/div>\n<form action=\"\/se\/wp-json\/wp\/v2\/pages\/9250#wpcf7-f9048-o1\" method=\"post\" class=\"wpcf7-form init wpcf7-acceptance-as-validation\" aria-label=\"Contact form\" novalidate=\"novalidate\" data-status=\"init\">\n<fieldset class=\"hidden-fields-container\"><input type=\"hidden\" name=\"_wpcf7\" value=\"9048\" \/><input type=\"hidden\" name=\"_wpcf7_version\" value=\"6.1.2\" \/><input type=\"hidden\" name=\"_wpcf7_locale\" value=\"pl_PL\" \/><input type=\"hidden\" name=\"_wpcf7_unit_tag\" value=\"wpcf7-f9048-o1\" \/><input type=\"hidden\" name=\"_wpcf7_container_post\" value=\"0\" \/><input type=\"hidden\" name=\"_wpcf7_posted_data_hash\" value=\"\" \/><input type=\"hidden\" name=\"_wpcf7cf_hidden_group_fields\" value=\"[]\" \/><input type=\"hidden\" name=\"_wpcf7cf_hidden_groups\" value=\"[]\" \/><input type=\"hidden\" name=\"_wpcf7cf_visible_groups\" value=\"[]\" \/><input type=\"hidden\" name=\"_wpcf7cf_repeaters\" value=\"[]\" \/><input type=\"hidden\" name=\"_wpcf7cf_steps\" value=\"{}\" \/><input type=\"hidden\" name=\"_wpcf7cf_options\" value=\"{&quot;form_id&quot;:9048,&quot;conditions&quot;:[],&quot;settings&quot;:{&quot;animation&quot;:&quot;yes&quot;,&quot;animation_intime&quot;:200,&quot;animation_outtime&quot;:200,&quot;conditions_ui&quot;:&quot;normal&quot;,&quot;notice_dismissed&quot;:false,&quot;notice_dismissed_update-cf7-6.0&quot;:true}}\" \/><input type=\"hidden\" name=\"_wpcf7_recaptcha_response\" value=\"\" \/>\n<\/fieldset>\n<div class=\"two-fields\">\n<label class=\"field\">\n  <div class=\"field__label\">F\u00f6rnamn *<\/div>\n  <div class=\"field__field\">\n    <span class=\"wpcf7-form-control-wrap\" data-name=\"form-fname\"><input size=\"40\" maxlength=\"400\" class=\"wpcf7-form-control wpcf7-text wpcf7-validates-as-required\" aria-required=\"true\" aria-invalid=\"false\" value=\"\" type=\"text\" name=\"form-fname\" \/><\/span>\n  <\/div>\n<\/label>\n<label class=\"field\">\n  <div class=\"field__label\">Efternamn *<\/div>\n  <div class=\"field__field\">\n    <span class=\"wpcf7-form-control-wrap\" data-name=\"form-lname\"><input size=\"40\" maxlength=\"400\" class=\"wpcf7-form-control wpcf7-text wpcf7-validates-as-required\" aria-required=\"true\" aria-invalid=\"false\" value=\"\" type=\"text\" name=\"form-lname\" \/><\/span>\n  <\/div>\n<\/label>\n<\/div>\n<label class=\"field\">\n  <div class=\"field__label\">F\u00f6retagsnamn <\/div>\n  <div class=\"field__field\">\n    <span class=\"wpcf7-form-control-wrap\" data-name=\"form-company-name\"><input size=\"40\" maxlength=\"400\" class=\"wpcf7-form-control wpcf7-text\" aria-invalid=\"false\" value=\"\" type=\"text\" name=\"form-company-name\" \/><\/span>\n  <\/div>\n<\/label>\n<label class=\"field\">\n  <div class=\"field__label\">Telefonnummer <\/div>\n  <div class=\"field__field\">\n    <span class=\"wpcf7-form-control-wrap\" data-name=\"form-phone\"><input size=\"40\" maxlength=\"400\" class=\"wpcf7-form-control wpcf7-text\" aria-invalid=\"false\" value=\"\" type=\"text\" name=\"form-phone\" \/><\/span>\n  <\/div>\n<\/label>\n<label class=\"field\">\n  <div class=\"field__label\">E-postadress *<\/div>\n  <div class=\"field__field\">\n    <span class=\"wpcf7-form-control-wrap\" data-name=\"form-mail\"><input size=\"40\" maxlength=\"400\" class=\"wpcf7-form-control wpcf7-text wpcf7-validates-as-required\" aria-required=\"true\" aria-invalid=\"false\" value=\"\" type=\"text\" name=\"form-mail\" \/><\/span>\n  <\/div>\n<\/label>\n<label class=\"field\">\n  <div class=\"field__label\">Meddelandets \u00e4mne <\/div>\n  <div class=\"field__field\">\n    <span class=\"wpcf7-form-control-wrap\" data-name=\"form-topic\"><select class=\"wpcf7-form-control wpcf7-select\" aria-invalid=\"false\" name=\"form-topic\"><option value=\"- v\u00e4lja -\">- v\u00e4lja -<\/option><option value=\"V\u00e4nligen kontakta mig\">V\u00e4nligen kontakta mig<\/option><option value=\"V\u00e4nligen boka ett m\u00f6te med mig\">V\u00e4nligen boka ett m\u00f6te med mig<\/option><option value=\"Jag beg\u00e4r ett erbjudande om kontraktstillverkning av elektronik\">Jag beg\u00e4r ett erbjudande om kontraktstillverkning av elektronik<\/option><option value=\"Samarbetsf\u00f6rslag\">Samarbetsf\u00f6rslag<\/option><option value=\"Propozycja wsp\u00f3\u0142pracy\">Propozycja wsp\u00f3\u0142pracy<\/option><option value=\"Annat\">Annat<\/option><\/select><\/span>\n  <\/div>\n<\/label>\n<label class=\"field\">\n  <div class=\"field__label\">Beskriv vad du beh\u00f6ver <\/div>\n  <div class=\"field__field\">\n    <span class=\"wpcf7-form-control-wrap\" data-name=\"form-message\"><textarea cols=\"40\" rows=\"10\" maxlength=\"2000\" class=\"wpcf7-form-control wpcf7-textarea\" aria-invalid=\"false\" name=\"form-message\"><\/textarea><\/span>\n  <\/div>\n<\/label>\n<div class=\"form-info\">Printor Sp. z o.o. \u00e4r personuppgiftsansvarig.<\/div>\n<div class=\"form-checkboxes\">\n<div class=\"checkbox-wrapper\">\n<span class=\"wpcf7-form-control-wrap\" data-name=\"acceptance-77\"><span class=\"wpcf7-form-control wpcf7-acceptance\"><span class=\"wpcf7-list-item\"><label><input type=\"checkbox\" name=\"acceptance-77\" value=\"1\" aria-invalid=\"false\" \/><span class=\"wpcf7-list-item-label\"><strong>Samtycke till behandling av personuppgifter. <\/strong><span class=\"agreed-dots\">...<\/span> <button class=\"agreed-show-more\">Mer<\/button> <span class=\"agreed-more\">Jag samtycker till att mina personuppgifter behandlas enligt g\u00e4llande lag i samband (\u00e4ndam\u00e5l) med att jag skickar en f\u00f6rfr\u00e5gan via kontaktformul\u00e4ret. Att tillhandah\u00e5lla uppgifterna i fr\u00e5ga \u00e4r endast frivilligt, men n\u00f6dv\u00e4ndigt f\u00f6r att f\u00f6rfr\u00e5gan ska kunna behandlas. Mina personuppgifter kommer att behandlas tills samtycket dras tillbaka eller under den tid som beh\u00f6vs f\u00f6r att fastst\u00e4lla, utreda eller f\u00f6rsvara r\u00e4ttsliga anspr\u00e5k. Jag f\u00f6rs\u00e4krar att jag har informerats om att jag har r\u00e4tt att n\u00e4r som helst f\u00e5 tillg\u00e5ng till mina uppgifter, r\u00e4tta dem, \u00f6verf\u00f6ra mina uppgifter, beg\u00e4ra radering eller begr\u00e4nsning av behandlingen av mina personuppgifter, g\u00f6ra inv\u00e4ndninga (n\u00e4r grunden f\u00f6r behandlingen \u00e4r den personuppgiftsansvariges ber\u00e4ttigade intresse) eller \u00e5terkalla mitt samtycke.<\/span><\/span><\/label><\/span><\/span><\/span>\n<\/div>\n<div class=\"checkbox-wrapper\">\n<span class=\"wpcf7-form-control-wrap\" data-name=\"acceptance-78\"><span class=\"wpcf7-form-control wpcf7-acceptance\"><span class=\"wpcf7-list-item\"><label><input type=\"checkbox\" name=\"acceptance-78\" value=\"1\" aria-invalid=\"false\" \/><span class=\"wpcf7-list-item-label\"><strong>Samtycke till mottagande av kommersiell information. <\/strong><span class=\"agreed-dots\">...<\/span> <button class=\"agreed-show-more\">Mer<\/button> <span class=\"agreed-more\">Jag samtycker till att mina personuppgifter behandlas enligt g\u00e4llande lag f\u00f6r att jag ska kunna f\u00e5 kommersiell information. Att tillhandah\u00e5lla uppgifterna i fr\u00e5ga \u00e4r endast frivilligt. Mina personuppgifter kommer att behandlas tills samtycket dras tillbaka eller under den tid som beh\u00f6vs f\u00f6r att fastst\u00e4lla, utreda eller f\u00f6rsvara r\u00e4ttsliga anspr\u00e5k. Jag f\u00f6rs\u00e4krar att jag har informerats om att jag har r\u00e4tt att n\u00e4r som helst f\u00e5 tillg\u00e5ng till mina uppgifter, r\u00e4tta dem, \u00f6verf\u00f6ra mina uppgifter, beg\u00e4ra radering eller begr\u00e4nsning av behandlingen av mina personuppgifter, g\u00f6ra inv\u00e4ndninga (n\u00e4r grunden f\u00f6r behandlingen \u00e4r den personuppgiftsansvariges ber\u00e4ttigade intresse) eller \u00e5terkalla mitt samtycke.<\/span><\/span><\/label><\/span><\/span><\/span>\n<\/div>\n<\/div>\n<span id=\"wpcf7-69e8d3cc06ddd-wrapper\" class=\"wpcf7-form-control-wrap honeypot-352-wrap\" style=\"display:none !important; visibility:hidden !important;\"><label for=\"wpcf7-69e8d3cc06ddd-field\" class=\"hp-message\">Please leave this field empty.<\/label><input id=\"wpcf7-69e8d3cc06ddd-field\"  class=\"wpcf7-form-control wpcf7-text\" type=\"text\" name=\"honeypot-352\" value=\"\" size=\"40\" tabindex=\"-1\" autocomplete=\"new-password\" \/><\/span>\n<div class=\"text-right\">\n  <button class=\"btn btn--orange wpcf7-form-control wpcf7-submit\">\n    <span class=\"bg\"><\/span>\n    <span class=\"btn__cta\">Skicka<\/span>\n  <\/button>\n<\/div><div class=\"wpcf7-response-output\" aria-hidden=\"true\"><\/div>\n<\/form>\n<\/div>\n\n<\/div><\/div>\n\n\n\n<p><\/p>\n<\/div>\n<\/div>\n\n\n  <div class=\"sell-wrapper\">\n    <div class=\"container sell-contact\">\n      <div class=\"sell-contact__text text\">\n        <p><span style=\"font-size: 24px; font-family: Ubuntu; color: #003aa7;\"><strong>Letar du efter en elektronikleverant\u00f6r, en EMS-partner? V\u00e4nligen kontakta oss direkt.<\/strong><\/span><\/p>\n<p>Vi diskuterar g\u00e4rna dina behov och v\u00e5ra experter st\u00e5r till ditt f\u00f6rfogande.<\/p>\n      <\/div>\n              <div class=\"sell-contact__person\">\n          <div class=\"sell-contact__photo\">\n            <img loading=\"lazy\" decoding=\"async\" width=\"400\" height=\"600\" src=\"https:\/\/printor.pl\/wp-content\/uploads\/2024\/08\/Katarzyna_Clapa.jpg\" class=\"attachment-square size-square\" alt=\"\" srcset=\"https:\/\/printor.pl\/wp-content\/uploads\/2024\/08\/Katarzyna_Clapa.jpg 400w, https:\/\/printor.pl\/wp-content\/uploads\/2024\/08\/Katarzyna_Clapa-200x300.jpg 200w\" sizes=\"auto, (max-width: 400px) 100vw, 400px\" \/>                          <a href=\"https:\/\/www.linkedin.com\/in\/anna-kucharczyk-5563235\/\" rel=\"nofollow noopener\" target=\"_blank\" class=\"sell-contact__linkedin\"><img decoding=\"async\" src=\"https:\/\/printor.pl\/wp-content\/themes\/printor\/assets\/images\/linkedin2.svg\" alt=\"Linkedin\" \/><\/a>\n                      <\/div>\n          <div class=\"sell-contact__info\">\n            <div class=\"sell-contact__name\">Katarzyna C\u0142apa<\/div>\n            <div class=\"sell-contact__person-text\"><p>Vertriebsspezialist<br \/>\n+48 669 668 041<br \/>\n<a href=\"mailto:katarzyna.clapa@printor.pl\">katarzyna.clapa@printor.pl<\/a><\/p>\n<\/div>\n          <\/div>\n        <\/div>\n\n              <div class=\"sell-contact__person\">\n          <div class=\"sell-contact__photo\">\n            <img loading=\"lazy\" decoding=\"async\" width=\"400\" height=\"600\" src=\"https:\/\/printor.pl\/wp-content\/uploads\/2024\/08\/Agnieszka-Jobda.jpg\" class=\"attachment-square size-square\" alt=\"\" srcset=\"https:\/\/printor.pl\/wp-content\/uploads\/2024\/08\/Agnieszka-Jobda.jpg 400w, https:\/\/printor.pl\/wp-content\/uploads\/2024\/08\/Agnieszka-Jobda-200x300.jpg 200w\" sizes=\"auto, (max-width: 400px) 100vw, 400px\" \/>                          <a href=\"https:\/\/www.linkedin.com\/in\/agnieszka-jobda-21289818b\/\" rel=\"nofollow noopener\" target=\"_blank\" class=\"sell-contact__linkedin\"><img decoding=\"async\" src=\"https:\/\/printor.pl\/wp-content\/themes\/printor\/assets\/images\/linkedin2.svg\" alt=\"Linkedin\" \/><\/a>\n                      <\/div>\n          <div class=\"sell-contact__info\">\n            <div class=\"sell-contact__name\">Agnieszka Jobda<\/div>\n            <div class=\"sell-contact__person-text\"><p>Vertriebsspezialist<br \/>\n+48 603 163 394<br \/>\n<a href=\"mailto:agnieszka.jobda@printor.pl\">agnieszka.jobda@printor.pl<\/a><\/p>\n<\/div>\n          <\/div>\n        <\/div>\n\n          <\/div>\n  <\/div>\n\n\n\n<div class=\"wp-block-group\"><div class=\"wp-block-group__inner-container is-layout-flow wp-block-group-is-layout-flow\">\n<h2 class=\"wp-block-heading\">Filer f\u00f6r nedladdning &#8211; n\u00f6dv\u00e4ndiga i processen f\u00f6r att skicka in f\u00f6rfr\u00e5gningar<\/h2>\n\n\n\n<div class=\"wp-block-columns is-layout-flex wp-container-core-columns-is-layout-9d6595d7 wp-block-columns-is-layout-flex\">\n<div class=\"wp-block-column is-layout-flow wp-block-column-is-layout-flow\" style=\"flex-basis:67%\">\n<p><img loading=\"lazy\" decoding=\"async\" class=\"size-full wp-image-3485 alignleft\" src=\"https:\/\/printor.pl\/wp-content\/uploads\/2020\/03\/do_pobrania.png\" alt=\"\" width=\"68\" height=\"77\" \/> <span style=\"font-size: inherit;\"><br \/><strong><a href=\"https:\/\/printor.pl\/wp-content\/uploads\/2020\/09\/BOM_Printor_en.xls\">BOM EN sheet <\/a>&#8211; <\/strong>a list of all elements used in assembly<br \/><br \/><br \/><br \/><\/span><\/p>\n\n\n\n<p><img loading=\"lazy\" decoding=\"async\" class=\"size-full wp-image-3485 alignleft\" src=\"https:\/\/printor.pl\/wp-content\/uploads\/2020\/03\/do_pobrania.png\" alt=\"\" width=\"68\" height=\"77\" \/> <span style=\"font-size: inherit;\"><br \/><strong><a href=\"https:\/\/printor.pl\/wp-content\/uploads\/2022\/09\/Printor_terms-of-sale.pdf\" target=\"_blank\" rel=\"noopener noreferrer\">See the general conditions of sale<\/a><\/strong><\/span>\u00a0&#8211; Se Allm\u00e4nna f\u00f6rs\u00e4ljningsvillkor &#8211; finns p\u00e5 engelska<\/p>\n<\/div>\n\n\n\n<div class=\"wp-block-column is-layout-flow wp-block-column-is-layout-flow\" style=\"flex-basis:33%\">\n<figure class=\"wp-block-image size-large\"><img loading=\"lazy\" decoding=\"async\" width=\"300\" height=\"300\" src=\"https:\/\/printor.pl\/wp-content\/uploads\/2020\/03\/Printor_pliki_do_pobrania-1.jpeg\" alt=\"\" class=\"wp-image-3559\" srcset=\"https:\/\/printor.pl\/wp-content\/uploads\/2020\/03\/Printor_pliki_do_pobrania-1.jpeg 300w, https:\/\/printor.pl\/wp-content\/uploads\/2020\/03\/Printor_pliki_do_pobrania-1-150x150.jpeg 150w\" sizes=\"auto, (max-width: 300px) 100vw, 300px\" \/><\/figure>\n<\/div>\n<\/div>\n<\/div><\/div>\n\n\n\n<p><\/p>\n","protected":false},"excerpt":{"rendered":"<p>Har du n\u00e5gra fr\u00e5gor? \u00c4r du intresserad av att etablera ett samarbete med en elektronikleverant\u00f6r, EMS-partner? Anv\u00e4nd formul\u00e4ret, ange din [&hellip;]<\/p>\n","protected":false},"author":2,"featured_media":9294,"parent":0,"menu_order":0,"comment_status":"closed","ping_status":"closed","template":"","meta":{"inline_featured_image":false,"footnotes":""},"class_list":["post-9250","page","type-page","status-publish","has-post-thumbnail","hentry"],"yoast_head":"<!-- This site is optimized with the Yoast SEO plugin v26.3 - https:\/\/yoast.com\/wordpress\/plugins\/seo\/ -->\n<title>Kontakta oss - Printor<\/title>\n<meta name=\"robots\" content=\"index, follow, max-snippet:-1, max-image-preview:large, max-video-preview:-1\" \/>\n<link rel=\"canonical\" href=\"https:\/\/printor.pl\/kontakt\/\" \/>\n<meta property=\"og:locale\" content=\"en_US\" \/>\n<meta property=\"og:type\" content=\"article\" \/>\n<meta property=\"og:title\" content=\"Kontakta oss - Printor\" \/>\n<meta property=\"og:description\" content=\"Har du n\u00e5gra fr\u00e5gor? \u00c4r du intresserad av att etablera ett samarbete med en elektronikleverant\u00f6r, EMS-partner? Anv\u00e4nd formul\u00e4ret, ange din [&hellip;]\" \/>\n<meta property=\"og:url\" content=\"https:\/\/printor.pl\/kontakt\/\" \/>\n<meta property=\"og:site_name\" content=\"Printor\" \/>\n<meta property=\"article:modified_time\" content=\"2024-10-01T13:20:24+00:00\" \/>\n<meta property=\"og:image\" content=\"https:\/\/printor.pl\/wp-content\/uploads\/2020\/03\/Master-Kontakt-scaled.jpg\" \/>\n\t<meta property=\"og:image:width\" content=\"1900\" \/>\n\t<meta property=\"og:image:height\" content=\"396\" \/>\n\t<meta property=\"og:image:type\" content=\"image\/jpeg\" \/>\n<meta name=\"twitter:card\" content=\"summary_large_image\" \/>\n<meta name=\"twitter:label1\" content=\"Est. reading time\" \/>\n\t<meta name=\"twitter:data1\" content=\"1 minute\" \/>\n<script type=\"application\/ld+json\" class=\"yoast-schema-graph\">{\"@context\":\"https:\/\/schema.org\",\"@graph\":[{\"@type\":\"WebPage\",\"@id\":\"https:\/\/printor.pl\/kontakt\/\",\"url\":\"https:\/\/printor.pl\/kontakt\/\",\"name\":\"Kontakta oss - Printor\",\"isPartOf\":{\"@id\":\"https:\/\/printor.pl\/#website\"},\"primaryImageOfPage\":{\"@id\":\"https:\/\/printor.pl\/kontakt\/#primaryimage\"},\"image\":{\"@id\":\"https:\/\/printor.pl\/kontakt\/#primaryimage\"},\"thumbnailUrl\":\"https:\/\/printor.pl\/wp-content\/uploads\/2020\/03\/Master-Kontakt-scaled.jpg\",\"datePublished\":\"2022-08-17T00:00:10+00:00\",\"dateModified\":\"2024-10-01T13:20:24+00:00\",\"breadcrumb\":{\"@id\":\"https:\/\/printor.pl\/kontakt\/#breadcrumb\"},\"inLanguage\":\"se-SE\",\"potentialAction\":[{\"@type\":\"ReadAction\",\"target\":[\"https:\/\/printor.pl\/kontakt\/\"]}]},{\"@type\":\"ImageObject\",\"inLanguage\":\"se-SE\",\"@id\":\"https:\/\/printor.pl\/kontakt\/#primaryimage\",\"url\":\"https:\/\/printor.pl\/wp-content\/uploads\/2020\/03\/Master-Kontakt-scaled.jpg\",\"contentUrl\":\"https:\/\/printor.pl\/wp-content\/uploads\/2020\/03\/Master-Kontakt-scaled.jpg\",\"width\":1900,\"height\":396},{\"@type\":\"BreadcrumbList\",\"@id\":\"https:\/\/printor.pl\/kontakt\/#breadcrumb\",\"itemListElement\":[{\"@type\":\"ListItem\",\"position\":1,\"name\":\"Strona g\u0142\u00f3wna\",\"item\":\"https:\/\/printor.pl\/\"},{\"@type\":\"ListItem\",\"position\":2,\"name\":\"Kontakta oss\"}]},{\"@type\":\"WebSite\",\"@id\":\"https:\/\/printor.pl\/#website\",\"url\":\"https:\/\/printor.pl\/\",\"name\":\"Printor\",\"description\":\"\",\"potentialAction\":[{\"@type\":\"SearchAction\",\"target\":{\"@type\":\"EntryPoint\",\"urlTemplate\":\"https:\/\/printor.pl\/?s={search_term_string}\"},\"query-input\":{\"@type\":\"PropertyValueSpecification\",\"valueRequired\":true,\"valueName\":\"search_term_string\"}}],\"inLanguage\":\"se-SE\"}]}<\/script>\n<!-- \/ Yoast SEO plugin. -->","yoast_head_json":{"title":"Kontakta oss - Printor","robots":{"index":"index","follow":"follow","max-snippet":"max-snippet:-1","max-image-preview":"max-image-preview:large","max-video-preview":"max-video-preview:-1"},"canonical":"https:\/\/printor.pl\/kontakt\/","og_locale":"en_US","og_type":"article","og_title":"Kontakta oss - Printor","og_description":"Har du n\u00e5gra fr\u00e5gor? \u00c4r du intresserad av att etablera ett samarbete med en elektronikleverant\u00f6r, EMS-partner? Anv\u00e4nd formul\u00e4ret, ange din [&hellip;]","og_url":"https:\/\/printor.pl\/kontakt\/","og_site_name":"Printor","article_modified_time":"2024-10-01T13:20:24+00:00","og_image":[{"width":1900,"height":396,"url":"https:\/\/printor.pl\/wp-content\/uploads\/2020\/03\/Master-Kontakt-scaled.jpg","type":"image\/jpeg"}],"twitter_card":"summary_large_image","twitter_misc":{"Est. reading time":"1 minute"},"schema":{"@context":"https:\/\/schema.org","@graph":[{"@type":"WebPage","@id":"https:\/\/printor.pl\/kontakt\/","url":"https:\/\/printor.pl\/kontakt\/","name":"Kontakta oss - Printor","isPartOf":{"@id":"https:\/\/printor.pl\/#website"},"primaryImageOfPage":{"@id":"https:\/\/printor.pl\/kontakt\/#primaryimage"},"image":{"@id":"https:\/\/printor.pl\/kontakt\/#primaryimage"},"thumbnailUrl":"https:\/\/printor.pl\/wp-content\/uploads\/2020\/03\/Master-Kontakt-scaled.jpg","datePublished":"2022-08-17T00:00:10+00:00","dateModified":"2024-10-01T13:20:24+00:00","breadcrumb":{"@id":"https:\/\/printor.pl\/kontakt\/#breadcrumb"},"inLanguage":"se-SE","potentialAction":[{"@type":"ReadAction","target":["https:\/\/printor.pl\/kontakt\/"]}]},{"@type":"ImageObject","inLanguage":"se-SE","@id":"https:\/\/printor.pl\/kontakt\/#primaryimage","url":"https:\/\/printor.pl\/wp-content\/uploads\/2020\/03\/Master-Kontakt-scaled.jpg","contentUrl":"https:\/\/printor.pl\/wp-content\/uploads\/2020\/03\/Master-Kontakt-scaled.jpg","width":1900,"height":396},{"@type":"BreadcrumbList","@id":"https:\/\/printor.pl\/kontakt\/#breadcrumb","itemListElement":[{"@type":"ListItem","position":1,"name":"Strona g\u0142\u00f3wna","item":"https:\/\/printor.pl\/"},{"@type":"ListItem","position":2,"name":"Kontakta oss"}]},{"@type":"WebSite","@id":"https:\/\/printor.pl\/#website","url":"https:\/\/printor.pl\/","name":"Printor","description":"","potentialAction":[{"@type":"SearchAction","target":{"@type":"EntryPoint","urlTemplate":"https:\/\/printor.pl\/?s={search_term_string}"},"query-input":{"@type":"PropertyValueSpecification","valueRequired":true,"valueName":"search_term_string"}}],"inLanguage":"se-SE"}]}},"_links":{"self":[{"href":"https:\/\/printor.pl\/se\/wp-json\/wp\/v2\/pages\/9250","targetHints":{"allow":["GET"]}}],"collection":[{"href":"https:\/\/printor.pl\/se\/wp-json\/wp\/v2\/pages"}],"about":[{"href":"https:\/\/printor.pl\/se\/wp-json\/wp\/v2\/types\/page"}],"author":[{"embeddable":true,"href":"https:\/\/printor.pl\/se\/wp-json\/wp\/v2\/users\/2"}],"replies":[{"embeddable":true,"href":"https:\/\/printor.pl\/se\/wp-json\/wp\/v2\/comments?post=9250"}],"version-history":[{"count":6,"href":"https:\/\/printor.pl\/se\/wp-json\/wp\/v2\/pages\/9250\/revisions"}],"predecessor-version":[{"id":10188,"href":"https:\/\/printor.pl\/se\/wp-json\/wp\/v2\/pages\/9250\/revisions\/10188"}],"wp:featuredmedia":[{"embeddable":true,"href":"https:\/\/printor.pl\/se\/wp-json\/wp\/v2\/media\/9294"}],"wp:attachment":[{"href":"https:\/\/printor.pl\/se\/wp-json\/wp\/v2\/media?parent=9250"}],"curies":[{"name":"wp","href":"https:\/\/api.w.org\/{rel}","templated":true}]}}